{"id":14399,"date":"2025-07-15T13:00:32","date_gmt":"2025-07-15T11:00:32","guid":{"rendered":"https:\/\/uj.adatbank.ro\/lexikon\/termek\/majai-domokos-majai\/"},"modified":"2025-07-15T13:00:32","modified_gmt":"2025-07-15T11:00:32","slug":"majai-domokos-majai","status":"publish","type":"product","link":"https:\/\/uj.adatbank.ro\/lexikon\/termek\/majai-domokos-majai\/","title":{"rendered":"M\u00c1JAI Domokos, m\u00e1jai"},"content":{"rendered":"<p>1844? \u2020\u00a0B\u00fazah\u00e1za, 1904. aug. 16.: szolgab\u00edr\u00f3, birtokos. \u2013 Szolgab\u00edr\u00f3. B\u00fazah\u00e1zi birtokos. 1848-ban tizedb\u00e9r t\u00e1rnok. <br \/><strong>Irod.:<\/strong> Cs\u00edkfalva; Kempelen; Nagy Iv\u00e1n; P\u00e1lmay<\/br><\/p>\n","protected":false},"excerpt":{"rendered":"<p>1844? \u2020\u00a0B\u00fazah\u00e1za, 1904. aug. 16.: szolgab\u00edr\u00f3, birtokos. \u2013 Szolgab\u00edr\u00f3. B\u00fazah\u00e1zi birtokos. 1848-ban tizedb\u00e9r t\u00e1rnok. Irod.: Cs\u00edkfalva; Kempelen; Nagy Iv\u00e1n; P\u00e1lmay<\/p>\n","protected":false},"featured_media":0,"comment_status":"open","ping_status":"closed","template":"","meta":[],"product_brand":[],"product_cat":[137],"product_tag":[],"class_list":{"0":"post-14399","1":"product","2":"type-product","3":"status-publish","5":"product_cat-maros-megyei-eletrajzi-lexikon","7":"first","8":"instock","9":"shipping-taxable","10":"product-type-simple"},"_links":{"self":[{"href":"https:\/\/uj.adatbank.ro\/lexikon\/wp-json\/wp\/v2\/product\/14399","targetHints":{"allow":["GET"]}}],"collection":[{"href":"https:\/\/uj.adatbank.ro\/lexikon\/wp-json\/wp\/v2\/product"}],"about":[{"href":"https:\/\/uj.adatbank.ro\/lexikon\/wp-json\/wp\/v2\/types\/product"}],"replies":[{"embeddable":true,"href":"https:\/\/uj.adatbank.ro\/lexikon\/wp-json\/wp\/v2\/comments?post=14399"}],"wp:attachment":[{"href":"https:\/\/uj.adatbank.ro\/lexikon\/wp-json\/wp\/v2\/media?parent=14399"}],"wp:term":[{"taxonomy":"product_brand","embeddable":true,"href":"https:\/\/uj.adatbank.ro\/lexikon\/wp-json\/wp\/v2\/product_brand?post=14399"},{"taxonomy":"product_cat","embeddable":true,"href":"https:\/\/uj.adatbank.ro\/lexikon\/wp-json\/wp\/v2\/product_cat?post=14399"},{"taxonomy":"product_tag","embeddable":true,"href":"https:\/\/uj.adatbank.ro\/lexikon\/wp-json\/wp\/v2\/product_tag?post=14399"}],"curies":[{"name":"wp","href":"https:\/\/api.w.org\/{rel}","templated":true}]}}