{"id":14400,"date":"2025-07-15T13:00:33","date_gmt":"2025-07-15T11:00:33","guid":{"rendered":"https:\/\/uj.adatbank.ro\/lexikon\/termek\/majai-ferenc\/"},"modified":"2025-07-15T13:00:33","modified_gmt":"2025-07-15T11:00:33","slug":"majai-ferenc","status":"publish","type":"product","link":"https:\/\/uj.adatbank.ro\/lexikon\/termek\/majai-ferenc\/","title":{"rendered":"M\u00c1JAI Ferenc"},"content":{"rendered":"<p>? \u2020\u00a0?: k\u00f6rjegyz\u0151, birtokos. \u2013 B\u00faz\u00e1sbeseny\u0151ben volt k\u00f6rjegyz\u0151. A b\u00fazah\u00e1zi katolikus fili\u00e1nak telket adom\u00e1nyozott templom\u00e9p\u00edt\u00e9s c\u00e9lj\u00e1ra (1842). <br \/><strong>Irod.:<\/strong> Cs\u00edkfalva; Nagyjaink.<\/br><\/p>\n","protected":false},"excerpt":{"rendered":"<p>? \u2020\u00a0?: k\u00f6rjegyz\u0151, birtokos. \u2013 B\u00faz\u00e1sbeseny\u0151ben volt k\u00f6rjegyz\u0151. A b\u00fazah\u00e1zi katolikus fili\u00e1nak telket adom\u00e1nyozott templom\u00e9p\u00edt\u00e9s c\u00e9lj\u00e1ra (1842). Irod.: Cs\u00edkfalva; Nagyjaink.<\/p>\n","protected":false},"featured_media":0,"comment_status":"open","ping_status":"closed","template":"","meta":[],"product_brand":[],"product_cat":[137],"product_tag":[],"class_list":{"0":"post-14400","1":"product","2":"type-product","3":"status-publish","5":"product_cat-maros-megyei-eletrajzi-lexikon","7":"first","8":"instock","9":"shipping-taxable","10":"product-type-simple"},"_links":{"self":[{"href":"https:\/\/uj.adatbank.ro\/lexikon\/wp-json\/wp\/v2\/product\/14400","targetHints":{"allow":["GET"]}}],"collection":[{"href":"https:\/\/uj.adatbank.ro\/lexikon\/wp-json\/wp\/v2\/product"}],"about":[{"href":"https:\/\/uj.adatbank.ro\/lexikon\/wp-json\/wp\/v2\/types\/product"}],"replies":[{"embeddable":true,"href":"https:\/\/uj.adatbank.ro\/lexikon\/wp-json\/wp\/v2\/comments?post=14400"}],"wp:attachment":[{"href":"https:\/\/uj.adatbank.ro\/lexikon\/wp-json\/wp\/v2\/media?parent=14400"}],"wp:term":[{"taxonomy":"product_brand","embeddable":true,"href":"https:\/\/uj.adatbank.ro\/lexikon\/wp-json\/wp\/v2\/product_brand?post=14400"},{"taxonomy":"product_cat","embeddable":true,"href":"https:\/\/uj.adatbank.ro\/lexikon\/wp-json\/wp\/v2\/product_cat?post=14400"},{"taxonomy":"product_tag","embeddable":true,"href":"https:\/\/uj.adatbank.ro\/lexikon\/wp-json\/wp\/v2\/product_tag?post=14400"}],"curies":[{"name":"wp","href":"https:\/\/api.w.org\/{rel}","templated":true}]}}