{"id":14402,"date":"2025-07-15T13:00:36","date_gmt":"2025-07-15T11:00:36","guid":{"rendered":"https:\/\/uj.adatbank.ro\/lexikon\/termek\/majai-gabor-csikfalvi\/"},"modified":"2025-07-15T13:00:36","modified_gmt":"2025-07-15T11:00:36","slug":"majai-gabor-csikfalvi","status":"publish","type":"product","link":"https:\/\/uj.adatbank.ro\/lexikon\/termek\/majai-gabor-csikfalvi\/","title":{"rendered":"M\u00c1JAI G\u00e1bor, cs\u00edkfalvi"},"content":{"rendered":"<p>? \u2020\u00a0?\u00a0: Szentgeric\u00e9n igazgat\u00f3tan\u00edt\u00f3 (1885\u2013). <br \/><strong>Irod.:<\/strong> Nagyjaink; Szentgerice<\/br><\/p>\n","protected":false},"excerpt":{"rendered":"<p>? \u2020\u00a0?\u00a0: Szentgeric\u00e9n igazgat\u00f3tan\u00edt\u00f3 (1885\u2013). Irod.: Nagyjaink; Szentgerice<\/p>\n","protected":false},"featured_media":0,"comment_status":"open","ping_status":"closed","template":"","meta":[],"product_brand":[],"product_cat":[137],"product_tag":[],"class_list":{"0":"post-14402","1":"product","2":"type-product","3":"status-publish","5":"product_cat-maros-megyei-eletrajzi-lexikon","7":"first","8":"instock","9":"shipping-taxable","10":"product-type-simple"},"_links":{"self":[{"href":"https:\/\/uj.adatbank.ro\/lexikon\/wp-json\/wp\/v2\/product\/14402","targetHints":{"allow":["GET"]}}],"collection":[{"href":"https:\/\/uj.adatbank.ro\/lexikon\/wp-json\/wp\/v2\/product"}],"about":[{"href":"https:\/\/uj.adatbank.ro\/lexikon\/wp-json\/wp\/v2\/types\/product"}],"replies":[{"embeddable":true,"href":"https:\/\/uj.adatbank.ro\/lexikon\/wp-json\/wp\/v2\/comments?post=14402"}],"wp:attachment":[{"href":"https:\/\/uj.adatbank.ro\/lexikon\/wp-json\/wp\/v2\/media?parent=14402"}],"wp:term":[{"taxonomy":"product_brand","embeddable":true,"href":"https:\/\/uj.adatbank.ro\/lexikon\/wp-json\/wp\/v2\/product_brand?post=14402"},{"taxonomy":"product_cat","embeddable":true,"href":"https:\/\/uj.adatbank.ro\/lexikon\/wp-json\/wp\/v2\/product_cat?post=14402"},{"taxonomy":"product_tag","embeddable":true,"href":"https:\/\/uj.adatbank.ro\/lexikon\/wp-json\/wp\/v2\/product_tag?post=14402"}],"curies":[{"name":"wp","href":"https:\/\/api.w.org\/{rel}","templated":true}]}}