{"id":14406,"date":"2025-07-15T13:00:46","date_gmt":"2025-07-15T11:00:46","guid":{"rendered":"https:\/\/uj.adatbank.ro\/lexikon\/termek\/majai-jozsef-majaji\/"},"modified":"2025-07-15T13:00:46","modified_gmt":"2025-07-15T11:00:46","slug":"majai-jozsef-majaji","status":"publish","type":"product","link":"https:\/\/uj.adatbank.ro\/lexikon\/termek\/majai-jozsef-majaji\/","title":{"rendered":"M\u00c1JAI J\u00f3zsef, m\u00e1jaji"},"content":{"rendered":"<p>?\u00a0\u2020\u00a0B\u00fazah\u00e1za, ? : jegyz\u0151. \u2013 B\u00fazah\u00e1za jegyz\u0151je, f\u0151jegyz\u0151je. R\u00e9szt vett Pesty Frigyes eg\u00e9sz Mo.-ra \u00e9s Erd\u00e9lyre kiterjedt helyn\u00e9vgy\u0171jt\u00e9s\u00e9ben (1864\u201365). \u00c9lt 94 \u00e9vet. \u2013 <br \/><strong>Irod.:<\/strong> Cs\u00edkfalva; Pesty 2014<\/br><\/p>\n","protected":false},"excerpt":{"rendered":"<p>?\u00a0\u2020\u00a0B\u00fazah\u00e1za, ? : jegyz\u0151. \u2013 B\u00fazah\u00e1za jegyz\u0151je, f\u0151jegyz\u0151je. R\u00e9szt vett Pesty Frigyes eg\u00e9sz Mo.-ra \u00e9s Erd\u00e9lyre kiterjedt helyn\u00e9vgy\u0171jt\u00e9s\u00e9ben (1864\u201365). \u00c9lt 94 \u00e9vet. \u2013 Irod.: Cs\u00edkfalva; Pesty 2014<\/p>\n","protected":false},"featured_media":0,"comment_status":"open","ping_status":"closed","template":"","meta":[],"product_brand":[],"product_cat":[137],"product_tag":[],"class_list":{"0":"post-14406","1":"product","2":"type-product","3":"status-publish","5":"product_cat-maros-megyei-eletrajzi-lexikon","7":"first","8":"instock","9":"shipping-taxable","10":"product-type-simple"},"_links":{"self":[{"href":"https:\/\/uj.adatbank.ro\/lexikon\/wp-json\/wp\/v2\/product\/14406","targetHints":{"allow":["GET"]}}],"collection":[{"href":"https:\/\/uj.adatbank.ro\/lexikon\/wp-json\/wp\/v2\/product"}],"about":[{"href":"https:\/\/uj.adatbank.ro\/lexikon\/wp-json\/wp\/v2\/types\/product"}],"replies":[{"embeddable":true,"href":"https:\/\/uj.adatbank.ro\/lexikon\/wp-json\/wp\/v2\/comments?post=14406"}],"wp:attachment":[{"href":"https:\/\/uj.adatbank.ro\/lexikon\/wp-json\/wp\/v2\/media?parent=14406"}],"wp:term":[{"taxonomy":"product_brand","embeddable":true,"href":"https:\/\/uj.adatbank.ro\/lexikon\/wp-json\/wp\/v2\/product_brand?post=14406"},{"taxonomy":"product_cat","embeddable":true,"href":"https:\/\/uj.adatbank.ro\/lexikon\/wp-json\/wp\/v2\/product_cat?post=14406"},{"taxonomy":"product_tag","embeddable":true,"href":"https:\/\/uj.adatbank.ro\/lexikon\/wp-json\/wp\/v2\/product_tag?post=14406"}],"curies":[{"name":"wp","href":"https:\/\/api.w.org\/{rel}","templated":true}]}}