{"id":14412,"date":"2025-07-15T13:00:57","date_gmt":"2025-07-15T11:00:57","guid":{"rendered":"https:\/\/uj.adatbank.ro\/lexikon\/termek\/majlat-jozsefne-otvos-sara\/"},"modified":"2025-07-15T13:00:57","modified_gmt":"2025-07-15T11:00:57","slug":"majlat-jozsefne-otvos-sara","status":"publish","type":"product","link":"https:\/\/uj.adatbank.ro\/lexikon\/termek\/majlat-jozsefne-otvos-sara\/","title":{"rendered":"MAJL\u00c1T J\u00f3zsefn\u00e9, \u00d6tv\u00f6s S\u00e1ra"},"content":{"rendered":"<p>? \u2020\u00a0?: kib\u00e9di n\u00f3tafa. \u2013 <strong>F. m.:<\/strong> : Elindultam hossz\u00fa \u00fatra. A kib\u00e9di Majl\u00e1t J\u00f3zsefn\u00e9 \u00d6tv\u00f6s S\u00e1ra n\u00e9pballad\u00e1i. Gy\u0171jt\u00f6tte, bevezet\u0151vel \u00e9s jegyzetekkel ell\u00e1tta: R\u00e1duly J\u00e1nos A dallamokat hangszallagr\u00f3l lejegyezte:  Kusztosn\u00e9 Szab\u00f3 Piroska. Ellen\u0151rizte: Jagamas J\u00e1nos.  (Buk., 1979). <br \/><strong>Irod.:<\/strong> R\u00e9thy\u2013\u00dajv\u00e1ri\u2013V\u00e1czi<\/br><\/p>\n","protected":false},"excerpt":{"rendered":"<p>? \u2020\u00a0?: kib\u00e9di n\u00f3tafa. \u2013 F. m.: : Elindultam hossz\u00fa \u00fatra. A kib\u00e9di Majl\u00e1t J\u00f3zsefn\u00e9 \u00d6tv\u00f6s S\u00e1ra n\u00e9pballad\u00e1i. Gy\u0171jt\u00f6tte, bevezet\u0151vel \u00e9s jegyzetekkel ell\u00e1tta: R\u00e1duly J\u00e1nos A dallamokat hangszallagr\u00f3l lejegyezte: Kusztosn\u00e9 Szab\u00f3 Piroska. Ellen\u0151rizte: Jagamas J\u00e1nos. (Buk., 1979). Irod.: R\u00e9thy\u2013\u00dajv\u00e1ri\u2013V\u00e1czi<\/p>\n","protected":false},"featured_media":0,"comment_status":"open","ping_status":"closed","template":"","meta":[],"product_brand":[],"product_cat":[137],"product_tag":[],"class_list":{"0":"post-14412","1":"product","2":"type-product","3":"status-publish","5":"product_cat-maros-megyei-eletrajzi-lexikon","7":"first","8":"instock","9":"shipping-taxable","10":"product-type-simple"},"_links":{"self":[{"href":"https:\/\/uj.adatbank.ro\/lexikon\/wp-json\/wp\/v2\/product\/14412","targetHints":{"allow":["GET"]}}],"collection":[{"href":"https:\/\/uj.adatbank.ro\/lexikon\/wp-json\/wp\/v2\/product"}],"about":[{"href":"https:\/\/uj.adatbank.ro\/lexikon\/wp-json\/wp\/v2\/types\/product"}],"replies":[{"embeddable":true,"href":"https:\/\/uj.adatbank.ro\/lexikon\/wp-json\/wp\/v2\/comments?post=14412"}],"wp:attachment":[{"href":"https:\/\/uj.adatbank.ro\/lexikon\/wp-json\/wp\/v2\/media?parent=14412"}],"wp:term":[{"taxonomy":"product_brand","embeddable":true,"href":"https:\/\/uj.adatbank.ro\/lexikon\/wp-json\/wp\/v2\/product_brand?post=14412"},{"taxonomy":"product_cat","embeddable":true,"href":"https:\/\/uj.adatbank.ro\/lexikon\/wp-json\/wp\/v2\/product_cat?post=14412"},{"taxonomy":"product_tag","embeddable":true,"href":"https:\/\/uj.adatbank.ro\/lexikon\/wp-json\/wp\/v2\/product_tag?post=14412"}],"curies":[{"name":"wp","href":"https:\/\/api.w.org\/{rel}","templated":true}]}}