{"id":14417,"date":"2025-07-15T13:01:09","date_gmt":"2025-07-15T11:01:09","guid":{"rendered":"https:\/\/uj.adatbank.ro\/lexikon\/termek\/major-deak-marta-major-belane\/"},"modified":"2025-07-15T13:01:09","modified_gmt":"2025-07-15T11:01:09","slug":"major-deak-marta-major-belane","status":"publish","type":"product","link":"https:\/\/uj.adatbank.ro\/lexikon\/termek\/major-deak-marta-major-belane\/","title":{"rendered":"MAJOR DE\u00c1K M\u00e1rta, Major B\u00e9l\u00e1n\u00e9"},"content":{"rendered":"<p>Mv., 1930 \u2020 Mv., 1992.: orvos. \u2013 A MOGYI orvos kar\u00e1n v\u00e9gzett (1956) A Biok\u00e9mia tansz\u00e9ken kezdte p\u00e9ly\u00e1j\u00e1t. A gyermekklinik\u00e1n gyakornok, majd oszt\u00e1lyos orvos. A Poliklinik\u00e1n dolgozott. <br \/><strong>Irod.:<\/strong> Kiss\u2013P\u00e9terffy\u2013P\u00e9terffy<\/br><\/p>\n","protected":false},"excerpt":{"rendered":"<p>Mv., 1930 \u2020 Mv., 1992.: orvos. \u2013 A MOGYI orvos kar\u00e1n v\u00e9gzett (1956) A Biok\u00e9mia tansz\u00e9ken kezdte p\u00e9ly\u00e1j\u00e1t. A gyermekklinik\u00e1n gyakornok, majd oszt\u00e1lyos orvos. A Poliklinik\u00e1n dolgozott. Irod.: Kiss\u2013P\u00e9terffy\u2013P\u00e9terffy<\/p>\n","protected":false},"featured_media":0,"comment_status":"open","ping_status":"closed","template":"","meta":[],"product_brand":[],"product_cat":[137],"product_tag":[],"class_list":{"0":"post-14417","1":"product","2":"type-product","3":"status-publish","5":"product_cat-maros-megyei-eletrajzi-lexikon","7":"first","8":"instock","9":"shipping-taxable","10":"product-type-simple"},"_links":{"self":[{"href":"https:\/\/uj.adatbank.ro\/lexikon\/wp-json\/wp\/v2\/product\/14417","targetHints":{"allow":["GET"]}}],"collection":[{"href":"https:\/\/uj.adatbank.ro\/lexikon\/wp-json\/wp\/v2\/product"}],"about":[{"href":"https:\/\/uj.adatbank.ro\/lexikon\/wp-json\/wp\/v2\/types\/product"}],"replies":[{"embeddable":true,"href":"https:\/\/uj.adatbank.ro\/lexikon\/wp-json\/wp\/v2\/comments?post=14417"}],"wp:attachment":[{"href":"https:\/\/uj.adatbank.ro\/lexikon\/wp-json\/wp\/v2\/media?parent=14417"}],"wp:term":[{"taxonomy":"product_brand","embeddable":true,"href":"https:\/\/uj.adatbank.ro\/lexikon\/wp-json\/wp\/v2\/product_brand?post=14417"},{"taxonomy":"product_cat","embeddable":true,"href":"https:\/\/uj.adatbank.ro\/lexikon\/wp-json\/wp\/v2\/product_cat?post=14417"},{"taxonomy":"product_tag","embeddable":true,"href":"https:\/\/uj.adatbank.ro\/lexikon\/wp-json\/wp\/v2\/product_tag?post=14417"}],"curies":[{"name":"wp","href":"https:\/\/api.w.org\/{rel}","templated":true}]}}