{"id":14421,"date":"2025-07-15T13:01:16","date_gmt":"2025-07-15T11:01:16","guid":{"rendered":"https:\/\/uj.adatbank.ro\/lexikon\/termek\/major-irma\/"},"modified":"2025-07-15T13:01:16","modified_gmt":"2025-07-15T11:01:16","slug":"major-irma","status":"publish","type":"product","link":"https:\/\/uj.adatbank.ro\/lexikon\/termek\/major-irma\/","title":{"rendered":"MAJOR Irma"},"content":{"rendered":"<p>Kib\u00e9d, 1929. jan. 26., \u2020 ? : tan\u00edt\u00f3n\u0151. \u2013 Sz\u00e1szr\u00e9genben v\u00e9gezte a pedag\u00f3gia iskol\u00e1t (1950).Tan\u00edtott  Kiskapuson (1950\u201352); Marosbog\u00e1ton (1952\u201355); S\u00f3v\u00e1radon (1955\u201364); Kib\u00e9den (1964\u201384). <br \/><strong>Irod.:<\/strong> RMKK<\/br><\/p>\n","protected":false},"excerpt":{"rendered":"<p>Kib\u00e9d, 1929. jan. 26., \u2020 ? : tan\u00edt\u00f3n\u0151. \u2013 Sz\u00e1szr\u00e9genben v\u00e9gezte a pedag\u00f3gia iskol\u00e1t (1950).Tan\u00edtott Kiskapuson (1950\u201352); Marosbog\u00e1ton (1952\u201355); S\u00f3v\u00e1radon (1955\u201364); Kib\u00e9den (1964\u201384). Irod.: RMKK<\/p>\n","protected":false},"featured_media":0,"comment_status":"open","ping_status":"closed","template":"","meta":[],"product_brand":[],"product_cat":[137],"product_tag":[],"class_list":{"0":"post-14421","1":"product","2":"type-product","3":"status-publish","5":"product_cat-maros-megyei-eletrajzi-lexikon","7":"first","8":"instock","9":"shipping-taxable","10":"product-type-simple"},"_links":{"self":[{"href":"https:\/\/uj.adatbank.ro\/lexikon\/wp-json\/wp\/v2\/product\/14421","targetHints":{"allow":["GET"]}}],"collection":[{"href":"https:\/\/uj.adatbank.ro\/lexikon\/wp-json\/wp\/v2\/product"}],"about":[{"href":"https:\/\/uj.adatbank.ro\/lexikon\/wp-json\/wp\/v2\/types\/product"}],"replies":[{"embeddable":true,"href":"https:\/\/uj.adatbank.ro\/lexikon\/wp-json\/wp\/v2\/comments?post=14421"}],"wp:attachment":[{"href":"https:\/\/uj.adatbank.ro\/lexikon\/wp-json\/wp\/v2\/media?parent=14421"}],"wp:term":[{"taxonomy":"product_brand","embeddable":true,"href":"https:\/\/uj.adatbank.ro\/lexikon\/wp-json\/wp\/v2\/product_brand?post=14421"},{"taxonomy":"product_cat","embeddable":true,"href":"https:\/\/uj.adatbank.ro\/lexikon\/wp-json\/wp\/v2\/product_cat?post=14421"},{"taxonomy":"product_tag","embeddable":true,"href":"https:\/\/uj.adatbank.ro\/lexikon\/wp-json\/wp\/v2\/product_tag?post=14421"}],"curies":[{"name":"wp","href":"https:\/\/api.w.org\/{rel}","templated":true}]}}