{"id":14424,"date":"2025-07-15T13:01:21","date_gmt":"2025-07-15T11:01:21","guid":{"rendered":"https:\/\/uj.adatbank.ro\/lexikon\/termek\/major-sandor\/"},"modified":"2025-07-15T13:01:21","modified_gmt":"2025-07-15T11:01:21","slug":"major-sandor","status":"publish","type":"product","link":"https:\/\/uj.adatbank.ro\/lexikon\/termek\/major-sandor\/","title":{"rendered":"MAJOR S\u00e1ndor"},"content":{"rendered":"<p>Gagy (Har.), 1928. j\u00fal. 20., \u2020 Kib\u00e9d, 2005.  : tan\u00edt\u00f3, n\u00e9pm\u0171vel\u0151. \u2013 A sz\u00e9kelykereszt\u00fari tan\u00edt\u00f3k\u00e9pz\u0151ben v\u00e9gzett (1948). Tan\u00edtott : Kismedes\u00e9ren, Nagymedes\u00e9ren, Szent\u00e1brah\u00e1mon, S\u00f3v\u00e1radon, Kib\u00e9den (1948\u201388). <br \/><strong>Irod.:<\/strong>   RMKK<\/br><\/p>\n","protected":false},"excerpt":{"rendered":"<p>Gagy (Har.), 1928. j\u00fal. 20., \u2020 Kib\u00e9d, 2005. : tan\u00edt\u00f3, n\u00e9pm\u0171vel\u0151. \u2013 A sz\u00e9kelykereszt\u00fari tan\u00edt\u00f3k\u00e9pz\u0151ben v\u00e9gzett (1948). Tan\u00edtott : Kismedes\u00e9ren, Nagymedes\u00e9ren, Szent\u00e1brah\u00e1mon, S\u00f3v\u00e1radon, Kib\u00e9den (1948\u201388). Irod.: RMKK<\/p>\n","protected":false},"featured_media":0,"comment_status":"open","ping_status":"closed","template":"","meta":[],"product_brand":[],"product_cat":[137],"product_tag":[],"class_list":{"0":"post-14424","1":"product","2":"type-product","3":"status-publish","5":"product_cat-maros-megyei-eletrajzi-lexikon","7":"first","8":"instock","9":"shipping-taxable","10":"product-type-simple"},"_links":{"self":[{"href":"https:\/\/uj.adatbank.ro\/lexikon\/wp-json\/wp\/v2\/product\/14424","targetHints":{"allow":["GET"]}}],"collection":[{"href":"https:\/\/uj.adatbank.ro\/lexikon\/wp-json\/wp\/v2\/product"}],"about":[{"href":"https:\/\/uj.adatbank.ro\/lexikon\/wp-json\/wp\/v2\/types\/product"}],"replies":[{"embeddable":true,"href":"https:\/\/uj.adatbank.ro\/lexikon\/wp-json\/wp\/v2\/comments?post=14424"}],"wp:attachment":[{"href":"https:\/\/uj.adatbank.ro\/lexikon\/wp-json\/wp\/v2\/media?parent=14424"}],"wp:term":[{"taxonomy":"product_brand","embeddable":true,"href":"https:\/\/uj.adatbank.ro\/lexikon\/wp-json\/wp\/v2\/product_brand?post=14424"},{"taxonomy":"product_cat","embeddable":true,"href":"https:\/\/uj.adatbank.ro\/lexikon\/wp-json\/wp\/v2\/product_cat?post=14424"},{"taxonomy":"product_tag","embeddable":true,"href":"https:\/\/uj.adatbank.ro\/lexikon\/wp-json\/wp\/v2\/product_tag?post=14424"}],"curies":[{"name":"wp","href":"https:\/\/api.w.org\/{rel}","templated":true}]}}