{"id":14425,"date":"2025-07-15T13:01:22","date_gmt":"2025-07-15T11:01:22","guid":{"rendered":"https:\/\/uj.adatbank.ro\/lexikon\/termek\/major-sandor-2\/"},"modified":"2025-07-15T13:01:22","modified_gmt":"2025-07-15T11:01:22","slug":"major-sandor-2","status":"publish","type":"product","link":"https:\/\/uj.adatbank.ro\/lexikon\/termek\/major-sandor-2\/","title":{"rendered":"MAJOR S\u00e1ndor"},"content":{"rendered":"<p>1903?, \u2020 Kv., 1992. m\u00e1j. 1.: unit. lelk\u00e9sz.  <br \/><strong>Irod.:<\/strong> [Nekrol\u00f3g] (N\u00fa., 1992. m\u00e1j. 5.)<\/br><\/p>\n","protected":false},"excerpt":{"rendered":"<p>1903?, \u2020 Kv., 1992. m\u00e1j. 1.: unit. lelk\u00e9sz. Irod.: [Nekrol\u00f3g] (N\u00fa., 1992. m\u00e1j. 5.)<\/p>\n","protected":false},"featured_media":0,"comment_status":"open","ping_status":"closed","template":"","meta":[],"product_brand":[],"product_cat":[137],"product_tag":[],"class_list":{"0":"post-14425","1":"product","2":"type-product","3":"status-publish","5":"product_cat-maros-megyei-eletrajzi-lexikon","7":"first","8":"instock","9":"shipping-taxable","10":"product-type-simple"},"_links":{"self":[{"href":"https:\/\/uj.adatbank.ro\/lexikon\/wp-json\/wp\/v2\/product\/14425","targetHints":{"allow":["GET"]}}],"collection":[{"href":"https:\/\/uj.adatbank.ro\/lexikon\/wp-json\/wp\/v2\/product"}],"about":[{"href":"https:\/\/uj.adatbank.ro\/lexikon\/wp-json\/wp\/v2\/types\/product"}],"replies":[{"embeddable":true,"href":"https:\/\/uj.adatbank.ro\/lexikon\/wp-json\/wp\/v2\/comments?post=14425"}],"wp:attachment":[{"href":"https:\/\/uj.adatbank.ro\/lexikon\/wp-json\/wp\/v2\/media?parent=14425"}],"wp:term":[{"taxonomy":"product_brand","embeddable":true,"href":"https:\/\/uj.adatbank.ro\/lexikon\/wp-json\/wp\/v2\/product_brand?post=14425"},{"taxonomy":"product_cat","embeddable":true,"href":"https:\/\/uj.adatbank.ro\/lexikon\/wp-json\/wp\/v2\/product_cat?post=14425"},{"taxonomy":"product_tag","embeddable":true,"href":"https:\/\/uj.adatbank.ro\/lexikon\/wp-json\/wp\/v2\/product_tag?post=14425"}],"curies":[{"name":"wp","href":"https:\/\/api.w.org\/{rel}","templated":true}]}}