{"id":14426,"date":"2025-07-15T13:01:24","date_gmt":"2025-07-15T11:01:24","guid":{"rendered":"https:\/\/uj.adatbank.ro\/lexikon\/termek\/majtenyi-istvan\/"},"modified":"2025-07-15T13:01:24","modified_gmt":"2025-07-15T11:01:24","slug":"majtenyi-istvan","status":"publish","type":"product","link":"https:\/\/uj.adatbank.ro\/lexikon\/termek\/majtenyi-istvan\/","title":{"rendered":"MAJT\u00c9NYI Istv\u00e1n"},"content":{"rendered":"<p>Mez\u0151szilv\u00e1s, 1910. szept. 18. \u2020 Kv., 1964. m\u00e1rc. 22: \u2013 Feles\u00e9ge Bal\u00e1stelki Veszpr\u00e9my \u00c1gnes (Nagys\u00e1rm\u00e1s, 1910. m\u00e1rc. 13) Esk\u00fcv\u0151 Kiss\u00e1rm\u00e1son (1936. \u00e1pr. 21). <br \/><strong>Irod.:<\/strong> Gudenus<\/br><\/p>\n","protected":false},"excerpt":{"rendered":"<p>Mez\u0151szilv\u00e1s, 1910. szept. 18. \u2020 Kv., 1964. m\u00e1rc. 22: \u2013 Feles\u00e9ge Bal\u00e1stelki Veszpr\u00e9my \u00c1gnes (Nagys\u00e1rm\u00e1s, 1910. m\u00e1rc. 13) Esk\u00fcv\u0151 Kiss\u00e1rm\u00e1son (1936. \u00e1pr. 21). Irod.: Gudenus<\/p>\n","protected":false},"featured_media":0,"comment_status":"open","ping_status":"closed","template":"","meta":[],"product_brand":[],"product_cat":[137],"product_tag":[],"class_list":{"0":"post-14426","1":"product","2":"type-product","3":"status-publish","5":"product_cat-maros-megyei-eletrajzi-lexikon","7":"first","8":"instock","9":"shipping-taxable","10":"product-type-simple"},"_links":{"self":[{"href":"https:\/\/uj.adatbank.ro\/lexikon\/wp-json\/wp\/v2\/product\/14426","targetHints":{"allow":["GET"]}}],"collection":[{"href":"https:\/\/uj.adatbank.ro\/lexikon\/wp-json\/wp\/v2\/product"}],"about":[{"href":"https:\/\/uj.adatbank.ro\/lexikon\/wp-json\/wp\/v2\/types\/product"}],"replies":[{"embeddable":true,"href":"https:\/\/uj.adatbank.ro\/lexikon\/wp-json\/wp\/v2\/comments?post=14426"}],"wp:attachment":[{"href":"https:\/\/uj.adatbank.ro\/lexikon\/wp-json\/wp\/v2\/media?parent=14426"}],"wp:term":[{"taxonomy":"product_brand","embeddable":true,"href":"https:\/\/uj.adatbank.ro\/lexikon\/wp-json\/wp\/v2\/product_brand?post=14426"},{"taxonomy":"product_cat","embeddable":true,"href":"https:\/\/uj.adatbank.ro\/lexikon\/wp-json\/wp\/v2\/product_cat?post=14426"},{"taxonomy":"product_tag","embeddable":true,"href":"https:\/\/uj.adatbank.ro\/lexikon\/wp-json\/wp\/v2\/product_tag?post=14426"}],"curies":[{"name":"wp","href":"https:\/\/api.w.org\/{rel}","templated":true}]}}