{"id":14436,"date":"2025-07-15T13:01:44","date_gmt":"2025-07-15T11:01:44","guid":{"rendered":"https:\/\/uj.adatbank.ro\/lexikon\/termek\/makai-maria\/"},"modified":"2025-07-15T13:01:44","modified_gmt":"2025-07-15T11:01:44","slug":"makai-maria","status":"publish","type":"product","link":"https:\/\/uj.adatbank.ro\/lexikon\/termek\/makai-maria\/","title":{"rendered":"MAKAI M\u00e1ria"},"content":{"rendered":"<p>Mv., 1943. \u2020 Mv., 2020: orvos. \u2013 Mv.-en a Bolyai L\u00edc.-ban, a MOGYI \u2013ban gyermekorvosi diplom\u00e1t (1967)  kapott.Vid\u00e9ken k\u00f6rzeti orvos, majd Mv.-en m\u0171k\u00f6d\u00f6tt. <br \/><strong>Irod.:<\/strong> Kiss Cs. M 4.<\/br><\/p>\n","protected":false},"excerpt":{"rendered":"<p>Mv., 1943. \u2020 Mv., 2020: orvos. \u2013 Mv.-en a Bolyai L\u00edc.-ban, a MOGYI \u2013ban gyermekorvosi diplom\u00e1t (1967) kapott.Vid\u00e9ken k\u00f6rzeti orvos, majd Mv.-en m\u0171k\u00f6d\u00f6tt. Irod.: Kiss Cs. M 4.<\/p>\n","protected":false},"featured_media":0,"comment_status":"open","ping_status":"closed","template":"","meta":[],"product_brand":[],"product_cat":[137],"product_tag":[],"class_list":{"0":"post-14436","1":"product","2":"type-product","3":"status-publish","5":"product_cat-maros-megyei-eletrajzi-lexikon","7":"first","8":"instock","9":"shipping-taxable","10":"product-type-simple"},"_links":{"self":[{"href":"https:\/\/uj.adatbank.ro\/lexikon\/wp-json\/wp\/v2\/product\/14436","targetHints":{"allow":["GET"]}}],"collection":[{"href":"https:\/\/uj.adatbank.ro\/lexikon\/wp-json\/wp\/v2\/product"}],"about":[{"href":"https:\/\/uj.adatbank.ro\/lexikon\/wp-json\/wp\/v2\/types\/product"}],"replies":[{"embeddable":true,"href":"https:\/\/uj.adatbank.ro\/lexikon\/wp-json\/wp\/v2\/comments?post=14436"}],"wp:attachment":[{"href":"https:\/\/uj.adatbank.ro\/lexikon\/wp-json\/wp\/v2\/media?parent=14436"}],"wp:term":[{"taxonomy":"product_brand","embeddable":true,"href":"https:\/\/uj.adatbank.ro\/lexikon\/wp-json\/wp\/v2\/product_brand?post=14436"},{"taxonomy":"product_cat","embeddable":true,"href":"https:\/\/uj.adatbank.ro\/lexikon\/wp-json\/wp\/v2\/product_cat?post=14436"},{"taxonomy":"product_tag","embeddable":true,"href":"https:\/\/uj.adatbank.ro\/lexikon\/wp-json\/wp\/v2\/product_tag?post=14436"}],"curies":[{"name":"wp","href":"https:\/\/api.w.org\/{rel}","templated":true}]}}