{"id":14437,"date":"2025-07-15T13:01:45","date_gmt":"2025-07-15T11:01:45","guid":{"rendered":"https:\/\/uj.adatbank.ro\/lexikon\/termek\/makai-samuel\/"},"modified":"2025-07-15T13:01:45","modified_gmt":"2025-07-15T11:01:45","slug":"makai-samuel","status":"publish","type":"product","link":"https:\/\/uj.adatbank.ro\/lexikon\/termek\/makai-samuel\/","title":{"rendered":"MAKAI S\u00e1muel"},"content":{"rendered":"<p>? \u2020 ? : tan\u00edt\u00f3. \u2013 B\u00f6z\u00f6d\u00f6n tan\u00edtott (1879.  dec. 4.\u20131892. dec. 22.), majd a koronkai egyh\u00e1zk\u00f6zs\u00e9g v\u00e1lasztotta meg mesternek. A mv.-i tan\u00edt\u00f3-egyes\u00fclet tev\u00e9keny tagja volt. <br \/><strong>Irod.:<\/strong> Koncz 1905<\/br><\/p>\n","protected":false},"excerpt":{"rendered":"<p>? \u2020 ? : tan\u00edt\u00f3. \u2013 B\u00f6z\u00f6d\u00f6n tan\u00edtott (1879. dec. 4.\u20131892. dec. 22.), majd a koronkai egyh\u00e1zk\u00f6zs\u00e9g v\u00e1lasztotta meg mesternek. A mv.-i tan\u00edt\u00f3-egyes\u00fclet tev\u00e9keny tagja volt. Irod.: Koncz 1905<\/p>\n","protected":false},"featured_media":0,"comment_status":"open","ping_status":"closed","template":"","meta":[],"product_brand":[],"product_cat":[137],"product_tag":[],"class_list":{"0":"post-14437","1":"product","2":"type-product","3":"status-publish","5":"product_cat-maros-megyei-eletrajzi-lexikon","7":"first","8":"instock","9":"shipping-taxable","10":"product-type-simple"},"_links":{"self":[{"href":"https:\/\/uj.adatbank.ro\/lexikon\/wp-json\/wp\/v2\/product\/14437","targetHints":{"allow":["GET"]}}],"collection":[{"href":"https:\/\/uj.adatbank.ro\/lexikon\/wp-json\/wp\/v2\/product"}],"about":[{"href":"https:\/\/uj.adatbank.ro\/lexikon\/wp-json\/wp\/v2\/types\/product"}],"replies":[{"embeddable":true,"href":"https:\/\/uj.adatbank.ro\/lexikon\/wp-json\/wp\/v2\/comments?post=14437"}],"wp:attachment":[{"href":"https:\/\/uj.adatbank.ro\/lexikon\/wp-json\/wp\/v2\/media?parent=14437"}],"wp:term":[{"taxonomy":"product_brand","embeddable":true,"href":"https:\/\/uj.adatbank.ro\/lexikon\/wp-json\/wp\/v2\/product_brand?post=14437"},{"taxonomy":"product_cat","embeddable":true,"href":"https:\/\/uj.adatbank.ro\/lexikon\/wp-json\/wp\/v2\/product_cat?post=14437"},{"taxonomy":"product_tag","embeddable":true,"href":"https:\/\/uj.adatbank.ro\/lexikon\/wp-json\/wp\/v2\/product_tag?post=14437"}],"curies":[{"name":"wp","href":"https:\/\/api.w.org\/{rel}","templated":true}]}}