{"id":14438,"date":"2025-07-15T13:01:47","date_gmt":"2025-07-15T11:01:47","guid":{"rendered":"https:\/\/uj.adatbank.ro\/lexikon\/termek\/makai-szamosujlaki\/"},"modified":"2025-07-15T13:01:47","modified_gmt":"2025-07-15T11:01:47","slug":"makai-szamosujlaki","status":"publish","type":"product","link":"https:\/\/uj.adatbank.ro\/lexikon\/termek\/makai-szamosujlaki\/","title":{"rendered":"MAKAI, szamos\u00fajlaki"},"content":{"rendered":"<p>a csal\u00e1db\u00f3l M. Andr\u00e1s \u00e9s fiai nyertek c\u00edmeres nemeslevelet Apaffy Mih\u00e1lyt\u00f3l (1669. nov. 10.). <br \/><strong>Irod.:<\/strong>  P\u00e1lmay<\/br><\/p>\n","protected":false},"excerpt":{"rendered":"<p>a csal\u00e1db\u00f3l M. Andr\u00e1s \u00e9s fiai nyertek c\u00edmeres nemeslevelet Apaffy Mih\u00e1lyt\u00f3l (1669. nov. 10.). Irod.: P\u00e1lmay<\/p>\n","protected":false},"featured_media":0,"comment_status":"open","ping_status":"closed","template":"","meta":[],"product_brand":[],"product_cat":[137],"product_tag":[],"class_list":{"0":"post-14438","1":"product","2":"type-product","3":"status-publish","5":"product_cat-maros-megyei-eletrajzi-lexikon","7":"first","8":"instock","9":"shipping-taxable","10":"product-type-simple"},"_links":{"self":[{"href":"https:\/\/uj.adatbank.ro\/lexikon\/wp-json\/wp\/v2\/product\/14438","targetHints":{"allow":["GET"]}}],"collection":[{"href":"https:\/\/uj.adatbank.ro\/lexikon\/wp-json\/wp\/v2\/product"}],"about":[{"href":"https:\/\/uj.adatbank.ro\/lexikon\/wp-json\/wp\/v2\/types\/product"}],"replies":[{"embeddable":true,"href":"https:\/\/uj.adatbank.ro\/lexikon\/wp-json\/wp\/v2\/comments?post=14438"}],"wp:attachment":[{"href":"https:\/\/uj.adatbank.ro\/lexikon\/wp-json\/wp\/v2\/media?parent=14438"}],"wp:term":[{"taxonomy":"product_brand","embeddable":true,"href":"https:\/\/uj.adatbank.ro\/lexikon\/wp-json\/wp\/v2\/product_brand?post=14438"},{"taxonomy":"product_cat","embeddable":true,"href":"https:\/\/uj.adatbank.ro\/lexikon\/wp-json\/wp\/v2\/product_cat?post=14438"},{"taxonomy":"product_tag","embeddable":true,"href":"https:\/\/uj.adatbank.ro\/lexikon\/wp-json\/wp\/v2\/product_tag?post=14438"}],"curies":[{"name":"wp","href":"https:\/\/api.w.org\/{rel}","templated":true}]}}