{"id":14440,"date":"2025-07-15T13:01:52","date_gmt":"2025-07-15T11:01:52","guid":{"rendered":"https:\/\/uj.adatbank.ro\/lexikon\/termek\/makarie-macari\/"},"modified":"2025-07-15T13:01:52","modified_gmt":"2025-07-15T11:01:52","slug":"makarie-macari","status":"publish","type":"product","link":"https:\/\/uj.adatbank.ro\/lexikon\/termek\/makarie-macari\/","title":{"rendered":"MAKARIE, Macari"},"content":{"rendered":"<p>? \u2020 ? : birtokos. \u2013 Sz\u00e9kelys\u00f3spatakon volt birtokos. A faluban k\u00fat viselte a nev\u00e9t. <br \/><strong>Irod.:<\/strong> Pesty 2014<\/br><\/p>\n","protected":false},"excerpt":{"rendered":"<p>? \u2020 ? : birtokos. \u2013 Sz\u00e9kelys\u00f3spatakon volt birtokos. A faluban k\u00fat viselte a nev\u00e9t. Irod.: Pesty 2014<\/p>\n","protected":false},"featured_media":0,"comment_status":"open","ping_status":"closed","template":"","meta":[],"product_brand":[],"product_cat":[137],"product_tag":[],"class_list":{"0":"post-14440","1":"product","2":"type-product","3":"status-publish","5":"product_cat-maros-megyei-eletrajzi-lexikon","7":"first","8":"instock","9":"shipping-taxable","10":"product-type-simple"},"_links":{"self":[{"href":"https:\/\/uj.adatbank.ro\/lexikon\/wp-json\/wp\/v2\/product\/14440","targetHints":{"allow":["GET"]}}],"collection":[{"href":"https:\/\/uj.adatbank.ro\/lexikon\/wp-json\/wp\/v2\/product"}],"about":[{"href":"https:\/\/uj.adatbank.ro\/lexikon\/wp-json\/wp\/v2\/types\/product"}],"replies":[{"embeddable":true,"href":"https:\/\/uj.adatbank.ro\/lexikon\/wp-json\/wp\/v2\/comments?post=14440"}],"wp:attachment":[{"href":"https:\/\/uj.adatbank.ro\/lexikon\/wp-json\/wp\/v2\/media?parent=14440"}],"wp:term":[{"taxonomy":"product_brand","embeddable":true,"href":"https:\/\/uj.adatbank.ro\/lexikon\/wp-json\/wp\/v2\/product_brand?post=14440"},{"taxonomy":"product_cat","embeddable":true,"href":"https:\/\/uj.adatbank.ro\/lexikon\/wp-json\/wp\/v2\/product_cat?post=14440"},{"taxonomy":"product_tag","embeddable":true,"href":"https:\/\/uj.adatbank.ro\/lexikon\/wp-json\/wp\/v2\/product_tag?post=14440"}],"curies":[{"name":"wp","href":"https:\/\/api.w.org\/{rel}","templated":true}]}}