{"id":14443,"date":"2025-07-15T13:01:57","date_gmt":"2025-07-15T11:01:57","guid":{"rendered":"https:\/\/uj.adatbank.ro\/lexikon\/termek\/makay-imre-geleji\/"},"modified":"2025-07-15T13:01:57","modified_gmt":"2025-07-15T11:01:57","slug":"makay-imre-geleji","status":"publish","type":"product","link":"https:\/\/uj.adatbank.ro\/lexikon\/termek\/makay-imre-geleji\/","title":{"rendered":"MAKAY Imre, geleji"},"content":{"rendered":"<p>?, \u2020 Bp., 1882. febr. 21.: \u00fcgyv\u00e9d. <br \/><strong>Irod.:<\/strong> Gy\u00e1szjelent.<\/br><\/p>\n","protected":false},"excerpt":{"rendered":"<p>?, \u2020 Bp., 1882. febr. 21.: \u00fcgyv\u00e9d. Irod.: Gy\u00e1szjelent.<\/p>\n","protected":false},"featured_media":0,"comment_status":"open","ping_status":"closed","template":"","meta":[],"product_brand":[],"product_cat":[137],"product_tag":[],"class_list":{"0":"post-14443","1":"product","2":"type-product","3":"status-publish","5":"product_cat-maros-megyei-eletrajzi-lexikon","7":"first","8":"instock","9":"shipping-taxable","10":"product-type-simple"},"_links":{"self":[{"href":"https:\/\/uj.adatbank.ro\/lexikon\/wp-json\/wp\/v2\/product\/14443","targetHints":{"allow":["GET"]}}],"collection":[{"href":"https:\/\/uj.adatbank.ro\/lexikon\/wp-json\/wp\/v2\/product"}],"about":[{"href":"https:\/\/uj.adatbank.ro\/lexikon\/wp-json\/wp\/v2\/types\/product"}],"replies":[{"embeddable":true,"href":"https:\/\/uj.adatbank.ro\/lexikon\/wp-json\/wp\/v2\/comments?post=14443"}],"wp:attachment":[{"href":"https:\/\/uj.adatbank.ro\/lexikon\/wp-json\/wp\/v2\/media?parent=14443"}],"wp:term":[{"taxonomy":"product_brand","embeddable":true,"href":"https:\/\/uj.adatbank.ro\/lexikon\/wp-json\/wp\/v2\/product_brand?post=14443"},{"taxonomy":"product_cat","embeddable":true,"href":"https:\/\/uj.adatbank.ro\/lexikon\/wp-json\/wp\/v2\/product_cat?post=14443"},{"taxonomy":"product_tag","embeddable":true,"href":"https:\/\/uj.adatbank.ro\/lexikon\/wp-json\/wp\/v2\/product_tag?post=14443"}],"curies":[{"name":"wp","href":"https:\/\/api.w.org\/{rel}","templated":true}]}}