{"id":14444,"date":"2025-07-15T13:02:00","date_gmt":"2025-07-15T11:02:00","guid":{"rendered":"https:\/\/uj.adatbank.ro\/lexikon\/termek\/makay-lajos\/"},"modified":"2025-07-15T13:02:00","modified_gmt":"2025-07-15T11:02:00","slug":"makay-lajos","status":"publish","type":"product","link":"https:\/\/uj.adatbank.ro\/lexikon\/termek\/makay-lajos\/","title":{"rendered":"MAKAY Lajos"},"content":{"rendered":"<p>1854?, \u2020 Lukafalva, 1899. okt. 23.Mv.-en temett\u00e9k: k\u00f6rjegyz\u0151. \u2013 Feles\u00e9ge: Kov\u00e1cs Erzs\u00e9bet. Gyermekeik: Attila, Anna. K\u00f6rjegyz\u0151 Lukafalv\u00e1n. <br \/><strong>Irod.:<\/strong> Gy\u00e1szjelent\u0151<\/br><\/p>\n","protected":false},"excerpt":{"rendered":"<p>1854?, \u2020 Lukafalva, 1899. okt. 23.Mv.-en temett\u00e9k: k\u00f6rjegyz\u0151. \u2013 Feles\u00e9ge: Kov\u00e1cs Erzs\u00e9bet. Gyermekeik: Attila, Anna. K\u00f6rjegyz\u0151 Lukafalv\u00e1n. Irod.: Gy\u00e1szjelent\u0151<\/p>\n","protected":false},"featured_media":0,"comment_status":"open","ping_status":"closed","template":"","meta":[],"product_brand":[],"product_cat":[137],"product_tag":[],"class_list":{"0":"post-14444","1":"product","2":"type-product","3":"status-publish","5":"product_cat-maros-megyei-eletrajzi-lexikon","7":"first","8":"instock","9":"shipping-taxable","10":"product-type-simple"},"_links":{"self":[{"href":"https:\/\/uj.adatbank.ro\/lexikon\/wp-json\/wp\/v2\/product\/14444","targetHints":{"allow":["GET"]}}],"collection":[{"href":"https:\/\/uj.adatbank.ro\/lexikon\/wp-json\/wp\/v2\/product"}],"about":[{"href":"https:\/\/uj.adatbank.ro\/lexikon\/wp-json\/wp\/v2\/types\/product"}],"replies":[{"embeddable":true,"href":"https:\/\/uj.adatbank.ro\/lexikon\/wp-json\/wp\/v2\/comments?post=14444"}],"wp:attachment":[{"href":"https:\/\/uj.adatbank.ro\/lexikon\/wp-json\/wp\/v2\/media?parent=14444"}],"wp:term":[{"taxonomy":"product_brand","embeddable":true,"href":"https:\/\/uj.adatbank.ro\/lexikon\/wp-json\/wp\/v2\/product_brand?post=14444"},{"taxonomy":"product_cat","embeddable":true,"href":"https:\/\/uj.adatbank.ro\/lexikon\/wp-json\/wp\/v2\/product_cat?post=14444"},{"taxonomy":"product_tag","embeddable":true,"href":"https:\/\/uj.adatbank.ro\/lexikon\/wp-json\/wp\/v2\/product_tag?post=14444"}],"curies":[{"name":"wp","href":"https:\/\/api.w.org\/{rel}","templated":true}]}}