{"id":14447,"date":"2025-07-15T13:02:05","date_gmt":"2025-07-15T11:02:05","guid":{"rendered":"https:\/\/uj.adatbank.ro\/lexikon\/termek\/makfalvi-jozsef\/"},"modified":"2025-07-15T13:02:05","modified_gmt":"2025-07-15T11:02:05","slug":"makfalvi-jozsef","status":"publish","type":"product","link":"https:\/\/uj.adatbank.ro\/lexikon\/termek\/makfalvi-jozsef\/","title":{"rendered":"MAKFALVI J\u00f3zsef"},"content":{"rendered":"<p>? \u2020 ?: lelk\u00e9sz. \u2013 Kv.-on tanult, majd a franekeri egyetemen (1723\u2013). Fogarason, Erd\u0151szentgy\u00f6rgy\u00fcn \u00e9s Ny\u00e1r\u00e1dszentbenedeken volt lelkip\u00e1sztor (1728\u201335),. <br \/><strong>Irod.:<\/strong> \u00c1rva Bethlen K.; Imreh Barna; Ny\u00e1r\u00e1dszentbenedek<\/br><\/p>\n","protected":false},"excerpt":{"rendered":"<p>? \u2020 ?: lelk\u00e9sz. \u2013 Kv.-on tanult, majd a franekeri egyetemen (1723\u2013). Fogarason, Erd\u0151szentgy\u00f6rgy\u00fcn \u00e9s Ny\u00e1r\u00e1dszentbenedeken volt lelkip\u00e1sztor (1728\u201335),. Irod.: \u00c1rva Bethlen K.; Imreh Barna; Ny\u00e1r\u00e1dszentbenedek<\/p>\n","protected":false},"featured_media":0,"comment_status":"open","ping_status":"closed","template":"","meta":[],"product_brand":[],"product_cat":[137],"product_tag":[],"class_list":{"0":"post-14447","1":"product","2":"type-product","3":"status-publish","5":"product_cat-maros-megyei-eletrajzi-lexikon","7":"first","8":"instock","9":"shipping-taxable","10":"product-type-simple"},"_links":{"self":[{"href":"https:\/\/uj.adatbank.ro\/lexikon\/wp-json\/wp\/v2\/product\/14447","targetHints":{"allow":["GET"]}}],"collection":[{"href":"https:\/\/uj.adatbank.ro\/lexikon\/wp-json\/wp\/v2\/product"}],"about":[{"href":"https:\/\/uj.adatbank.ro\/lexikon\/wp-json\/wp\/v2\/types\/product"}],"replies":[{"embeddable":true,"href":"https:\/\/uj.adatbank.ro\/lexikon\/wp-json\/wp\/v2\/comments?post=14447"}],"wp:attachment":[{"href":"https:\/\/uj.adatbank.ro\/lexikon\/wp-json\/wp\/v2\/media?parent=14447"}],"wp:term":[{"taxonomy":"product_brand","embeddable":true,"href":"https:\/\/uj.adatbank.ro\/lexikon\/wp-json\/wp\/v2\/product_brand?post=14447"},{"taxonomy":"product_cat","embeddable":true,"href":"https:\/\/uj.adatbank.ro\/lexikon\/wp-json\/wp\/v2\/product_cat?post=14447"},{"taxonomy":"product_tag","embeddable":true,"href":"https:\/\/uj.adatbank.ro\/lexikon\/wp-json\/wp\/v2\/product_tag?post=14447"}],"curies":[{"name":"wp","href":"https:\/\/api.w.org\/{rel}","templated":true}]}}