{"id":14455,"date":"2025-07-15T13:02:23","date_gmt":"2025-07-15T11:02:23","guid":{"rendered":"https:\/\/uj.adatbank.ro\/lexikon\/termek\/makkai-ernest-makkai-erno\/"},"modified":"2025-07-15T13:02:23","modified_gmt":"2025-07-15T11:02:23","slug":"makkai-ernest-makkai-erno","status":"publish","type":"product","link":"https:\/\/uj.adatbank.ro\/lexikon\/termek\/makkai-ernest-makkai-erno\/","title":{"rendered":"MAKKAI Ernest, Makkai Ern\u0151"},"content":{"rendered":"<p>? \u2020 ?: f\u0151hadnagy. \u2013 Gyergy\u00f3szentmikl\u00f3son (1951\u2013) \u00e9s Sz\u00e1szr\u00e9genben (1952) mint alhadnagy, Erd\u0151szentgy\u00f6rgy\u00f6n, mint a securitate f\u0151hadnagya teljes\u00edtett szolg\u00e1latot (1956), majd Mv.-en kapit\u00e1ny (1958). <br \/><strong>Irod.:<\/strong> Bartos 2012<\/br><\/p>\n","protected":false},"excerpt":{"rendered":"<p>? \u2020 ?: f\u0151hadnagy. \u2013 Gyergy\u00f3szentmikl\u00f3son (1951\u2013) \u00e9s Sz\u00e1szr\u00e9genben (1952) mint alhadnagy, Erd\u0151szentgy\u00f6rgy\u00f6n, mint a securitate f\u0151hadnagya teljes\u00edtett szolg\u00e1latot (1956), majd Mv.-en kapit\u00e1ny (1958). Irod.: Bartos 2012<\/p>\n","protected":false},"featured_media":0,"comment_status":"open","ping_status":"closed","template":"","meta":[],"product_brand":[],"product_cat":[137],"product_tag":[],"class_list":{"0":"post-14455","1":"product","2":"type-product","3":"status-publish","5":"product_cat-maros-megyei-eletrajzi-lexikon","7":"first","8":"instock","9":"shipping-taxable","10":"product-type-simple"},"_links":{"self":[{"href":"https:\/\/uj.adatbank.ro\/lexikon\/wp-json\/wp\/v2\/product\/14455","targetHints":{"allow":["GET"]}}],"collection":[{"href":"https:\/\/uj.adatbank.ro\/lexikon\/wp-json\/wp\/v2\/product"}],"about":[{"href":"https:\/\/uj.adatbank.ro\/lexikon\/wp-json\/wp\/v2\/types\/product"}],"replies":[{"embeddable":true,"href":"https:\/\/uj.adatbank.ro\/lexikon\/wp-json\/wp\/v2\/comments?post=14455"}],"wp:attachment":[{"href":"https:\/\/uj.adatbank.ro\/lexikon\/wp-json\/wp\/v2\/media?parent=14455"}],"wp:term":[{"taxonomy":"product_brand","embeddable":true,"href":"https:\/\/uj.adatbank.ro\/lexikon\/wp-json\/wp\/v2\/product_brand?post=14455"},{"taxonomy":"product_cat","embeddable":true,"href":"https:\/\/uj.adatbank.ro\/lexikon\/wp-json\/wp\/v2\/product_cat?post=14455"},{"taxonomy":"product_tag","embeddable":true,"href":"https:\/\/uj.adatbank.ro\/lexikon\/wp-json\/wp\/v2\/product_tag?post=14455"}],"curies":[{"name":"wp","href":"https:\/\/api.w.org\/{rel}","templated":true}]}}