{"id":14461,"date":"2025-07-15T13:02:33","date_gmt":"2025-07-15T11:02:33","guid":{"rendered":"https:\/\/uj.adatbank.ro\/lexikon\/termek\/makkai-laszlo\/"},"modified":"2025-07-15T13:02:33","modified_gmt":"2025-07-15T11:02:33","slug":"makkai-laszlo","status":"publish","type":"product","link":"https:\/\/uj.adatbank.ro\/lexikon\/termek\/makkai-laszlo\/","title":{"rendered":"MAKKAI L\u00e1szl\u00f3"},"content":{"rendered":"<p>Mv., 1752. k. \u2020 Erd\u0151szentgy\u00f6rgy, 1829. m\u00e1rc. 29.: ref. lelk\u00e9sz. \u2013 Tanult Mv.-en (1774); Marburgban (1784). Erd\u0151szentgy\u00f6rgy\u00f6n volt ref. lelk\u00e9sz (1788\u20131829), valamint 27 \u00e9ven \u00e1t a marosi egyh\u00e1zmegye esperese (1807\u20131829), marossz\u00e9ki papi jegyz\u0151. <br \/><strong>Irod.:<\/strong> csal\u00e1di inf. L\u00e9szai Ferenct\u0151l; Fogarasi; Szab\u00f3-Sz\u00f6gi; Zov\u00e1nyi<\/br><\/p>\n","protected":false},"excerpt":{"rendered":"<p>Mv., 1752. k. \u2020 Erd\u0151szentgy\u00f6rgy, 1829. m\u00e1rc. 29.: ref. lelk\u00e9sz. \u2013 Tanult Mv.-en (1774); Marburgban (1784). Erd\u0151szentgy\u00f6rgy\u00f6n volt ref. lelk\u00e9sz (1788\u20131829), valamint 27 \u00e9ven \u00e1t a marosi egyh\u00e1zmegye esperese (1807\u20131829), marossz\u00e9ki papi jegyz\u0151. Irod.: csal\u00e1di inf. L\u00e9szai Ferenct\u0151l; Fogarasi; Szab\u00f3-Sz\u00f6gi; Zov\u00e1nyi<\/p>\n","protected":false},"featured_media":0,"comment_status":"open","ping_status":"closed","template":"","meta":[],"product_brand":[],"product_cat":[137],"product_tag":[],"class_list":{"0":"post-14461","1":"product","2":"type-product","3":"status-publish","5":"product_cat-maros-megyei-eletrajzi-lexikon","7":"first","8":"instock","9":"shipping-taxable","10":"product-type-simple"},"_links":{"self":[{"href":"https:\/\/uj.adatbank.ro\/lexikon\/wp-json\/wp\/v2\/product\/14461","targetHints":{"allow":["GET"]}}],"collection":[{"href":"https:\/\/uj.adatbank.ro\/lexikon\/wp-json\/wp\/v2\/product"}],"about":[{"href":"https:\/\/uj.adatbank.ro\/lexikon\/wp-json\/wp\/v2\/types\/product"}],"replies":[{"embeddable":true,"href":"https:\/\/uj.adatbank.ro\/lexikon\/wp-json\/wp\/v2\/comments?post=14461"}],"wp:attachment":[{"href":"https:\/\/uj.adatbank.ro\/lexikon\/wp-json\/wp\/v2\/media?parent=14461"}],"wp:term":[{"taxonomy":"product_brand","embeddable":true,"href":"https:\/\/uj.adatbank.ro\/lexikon\/wp-json\/wp\/v2\/product_brand?post=14461"},{"taxonomy":"product_cat","embeddable":true,"href":"https:\/\/uj.adatbank.ro\/lexikon\/wp-json\/wp\/v2\/product_cat?post=14461"},{"taxonomy":"product_tag","embeddable":true,"href":"https:\/\/uj.adatbank.ro\/lexikon\/wp-json\/wp\/v2\/product_tag?post=14461"}],"curies":[{"name":"wp","href":"https:\/\/api.w.org\/{rel}","templated":true}]}}