{"id":14462,"date":"2025-07-15T13:02:37","date_gmt":"2025-07-15T11:02:37","guid":{"rendered":"https:\/\/uj.adatbank.ro\/lexikon\/termek\/makkai-laszlo-2\/"},"modified":"2025-07-15T13:02:37","modified_gmt":"2025-07-15T11:02:37","slug":"makkai-laszlo-2","status":"publish","type":"product","link":"https:\/\/uj.adatbank.ro\/lexikon\/termek\/makkai-laszlo-2\/","title":{"rendered":"MAKKAI L\u00e1szl\u00f3"},"content":{"rendered":"<p>? \u2020\u00a0?\u00a0: a MOGYI Analitikai K\u00e9miai Tansz\u00e9k\u00e9n volt laborat\u00f3rium f\u0151n\u00f6k (1959\u201364). <br \/><strong>Irod.:<\/strong> Genersich<\/br><\/p>\n","protected":false},"excerpt":{"rendered":"<p>? \u2020\u00a0?\u00a0: a MOGYI Analitikai K\u00e9miai Tansz\u00e9k\u00e9n volt laborat\u00f3rium f\u0151n\u00f6k (1959\u201364). Irod.: Genersich<\/p>\n","protected":false},"featured_media":0,"comment_status":"open","ping_status":"closed","template":"","meta":[],"product_brand":[],"product_cat":[137],"product_tag":[],"class_list":{"0":"post-14462","1":"product","2":"type-product","3":"status-publish","5":"product_cat-maros-megyei-eletrajzi-lexikon","7":"first","8":"instock","9":"shipping-taxable","10":"product-type-simple"},"_links":{"self":[{"href":"https:\/\/uj.adatbank.ro\/lexikon\/wp-json\/wp\/v2\/product\/14462","targetHints":{"allow":["GET"]}}],"collection":[{"href":"https:\/\/uj.adatbank.ro\/lexikon\/wp-json\/wp\/v2\/product"}],"about":[{"href":"https:\/\/uj.adatbank.ro\/lexikon\/wp-json\/wp\/v2\/types\/product"}],"replies":[{"embeddable":true,"href":"https:\/\/uj.adatbank.ro\/lexikon\/wp-json\/wp\/v2\/comments?post=14462"}],"wp:attachment":[{"href":"https:\/\/uj.adatbank.ro\/lexikon\/wp-json\/wp\/v2\/media?parent=14462"}],"wp:term":[{"taxonomy":"product_brand","embeddable":true,"href":"https:\/\/uj.adatbank.ro\/lexikon\/wp-json\/wp\/v2\/product_brand?post=14462"},{"taxonomy":"product_cat","embeddable":true,"href":"https:\/\/uj.adatbank.ro\/lexikon\/wp-json\/wp\/v2\/product_cat?post=14462"},{"taxonomy":"product_tag","embeddable":true,"href":"https:\/\/uj.adatbank.ro\/lexikon\/wp-json\/wp\/v2\/product_tag?post=14462"}],"curies":[{"name":"wp","href":"https:\/\/api.w.org\/{rel}","templated":true}]}}