{"id":14466,"date":"2025-07-15T13:02:42","date_gmt":"2025-07-15T11:02:42","guid":{"rendered":"https:\/\/uj.adatbank.ro\/lexikon\/termek\/makkai-samuel\/"},"modified":"2025-07-15T13:02:42","modified_gmt":"2025-07-15T11:02:42","slug":"makkai-samuel","status":"publish","type":"product","link":"https:\/\/uj.adatbank.ro\/lexikon\/termek\/makkai-samuel\/","title":{"rendered":"MAKKAI S\u00e1muel"},"content":{"rendered":"<p>? \u2020\u00a0?: ref. lelk\u00e9sz. \u2013 Lelk\u00e9sz volt Mez\u0151s\u00e1msondon (1763\u2013), Mez\u0151panitban (1765\u201381). \u2013 <strong>F. m.:<\/strong> Halotti besz\u00e9d bethleni gr. Bethlen J\u00falia, czegei Wass L\u00e1szl\u00f3n\u00e9 felett, 1731. j\u00fal. 1. (Kv., \u00e9.n.). <br \/><strong>Irod.:<\/strong> Halotti besz\u00e9dek; Mez\u0151panit; Mez\u0151s\u00e1msond<\/br><\/p>\n","protected":false},"excerpt":{"rendered":"<p>? \u2020\u00a0?: ref. lelk\u00e9sz. \u2013 Lelk\u00e9sz volt Mez\u0151s\u00e1msondon (1763\u2013), Mez\u0151panitban (1765\u201381). \u2013 F. m.: Halotti besz\u00e9d bethleni gr. Bethlen J\u00falia, czegei Wass L\u00e1szl\u00f3n\u00e9 felett, 1731. j\u00fal. 1. (Kv., \u00e9.n.). Irod.: Halotti besz\u00e9dek; Mez\u0151panit; Mez\u0151s\u00e1msond<\/p>\n","protected":false},"featured_media":0,"comment_status":"open","ping_status":"closed","template":"","meta":[],"product_brand":[],"product_cat":[137],"product_tag":[],"class_list":{"0":"post-14466","1":"product","2":"type-product","3":"status-publish","5":"product_cat-maros-megyei-eletrajzi-lexikon","7":"first","8":"instock","9":"shipping-taxable","10":"product-type-simple"},"_links":{"self":[{"href":"https:\/\/uj.adatbank.ro\/lexikon\/wp-json\/wp\/v2\/product\/14466","targetHints":{"allow":["GET"]}}],"collection":[{"href":"https:\/\/uj.adatbank.ro\/lexikon\/wp-json\/wp\/v2\/product"}],"about":[{"href":"https:\/\/uj.adatbank.ro\/lexikon\/wp-json\/wp\/v2\/types\/product"}],"replies":[{"embeddable":true,"href":"https:\/\/uj.adatbank.ro\/lexikon\/wp-json\/wp\/v2\/comments?post=14466"}],"wp:attachment":[{"href":"https:\/\/uj.adatbank.ro\/lexikon\/wp-json\/wp\/v2\/media?parent=14466"}],"wp:term":[{"taxonomy":"product_brand","embeddable":true,"href":"https:\/\/uj.adatbank.ro\/lexikon\/wp-json\/wp\/v2\/product_brand?post=14466"},{"taxonomy":"product_cat","embeddable":true,"href":"https:\/\/uj.adatbank.ro\/lexikon\/wp-json\/wp\/v2\/product_cat?post=14466"},{"taxonomy":"product_tag","embeddable":true,"href":"https:\/\/uj.adatbank.ro\/lexikon\/wp-json\/wp\/v2\/product_tag?post=14466"}],"curies":[{"name":"wp","href":"https:\/\/api.w.org\/{rel}","templated":true}]}}