{"id":14467,"date":"2025-07-15T13:02:44","date_gmt":"2025-07-15T11:02:44","guid":{"rendered":"https:\/\/uj.adatbank.ro\/lexikon\/termek\/makkai-samuel-2\/"},"modified":"2025-07-15T13:02:44","modified_gmt":"2025-07-15T11:02:44","slug":"makkai-samuel-2","status":"publish","type":"product","link":"https:\/\/uj.adatbank.ro\/lexikon\/termek\/makkai-samuel-2\/","title":{"rendered":"MAKKAI S\u00e1muel"},"content":{"rendered":"<p>? \u2020\u00a0?: tan\u00edt\u00f3. \u2013 Koronk\u00e1n ev. ref. tan\u00edt\u00f3. A MT megyei \u00c1ltal\u00e1nos Tan\u00edt\u00f3test\u00fclet vezet\u0151s\u00e9gi tagja, a k\u00f6zponti k\u00f6r eln\u00f6ke (1903). K\u00f6zs\u00e9g\u00e9ben ifj\u00fas\u00e1gi egyletet alap\u00edtott, felolvas\u00e1sokat tartott, p\u00e1lyanyertes munk\u00e1kat \u00edrt. \u00c1llami jutalomban is r\u00e9szes\u00fclt. \u2013 <strong>F. m.:<\/strong> <strong>t\u00e1rssz.:<\/strong> Marostorda v\u00e1rmegye f\u00f6ldrajza (Mv., 1911); <strong>antol\u00f3g.:<\/strong> Az \u00e9let \u00e9s az iskola = Eml\u00e9kk\u00f6nyv a MT megyei \u00c1ltal\u00e1nos Tan\u00edt\u00f3test\u00fclet 25 \u00e9ves jubileuma alkalm\u00e1b\u00f3l (Bp., 1903);.<br \/><strong>Irod.:<\/strong> Eml\u00e9kk\u00f6nyv. Sz\u00edve ki\u00f6ml\u00e9se a\u2019 Maros V\u00e1s\u00e1rhelyi Ref. Koll\u00e9gyomb\u00e9li ifi\u00fas\u00e1g\u00e1nak egy kedves attya hal\u00e1l\u00e1n [Gr. Kem\u00e9ny Mikl\u00f3s].(Mv., 1829).<\/br><\/p>\n","protected":false},"excerpt":{"rendered":"<p>? \u2020\u00a0?: tan\u00edt\u00f3. \u2013 Koronk\u00e1n ev. ref. tan\u00edt\u00f3. A MT megyei \u00c1ltal\u00e1nos Tan\u00edt\u00f3test\u00fclet vezet\u0151s\u00e9gi tagja, a k\u00f6zponti k\u00f6r eln\u00f6ke (1903). K\u00f6zs\u00e9g\u00e9ben ifj\u00fas\u00e1gi egyletet alap\u00edtott, felolvas\u00e1sokat tartott, p\u00e1lyanyertes munk\u00e1kat \u00edrt. \u00c1llami jutalomban is r\u00e9szes\u00fclt. \u2013 F. m.: t\u00e1rssz.: Marostorda v\u00e1rmegye f\u00f6ldrajza (Mv., 1911); antol\u00f3g.: Az \u00e9let \u00e9s az iskola = Eml\u00e9kk\u00f6nyv a MT megyei \u00c1ltal\u00e1nos Tan\u00edt\u00f3test\u00fclet [&hellip;]<\/p>\n","protected":false},"featured_media":0,"comment_status":"open","ping_status":"closed","template":"","meta":[],"product_brand":[],"product_cat":[137],"product_tag":[],"class_list":{"0":"post-14467","1":"product","2":"type-product","3":"status-publish","5":"product_cat-maros-megyei-eletrajzi-lexikon","7":"first","8":"instock","9":"shipping-taxable","10":"product-type-simple"},"_links":{"self":[{"href":"https:\/\/uj.adatbank.ro\/lexikon\/wp-json\/wp\/v2\/product\/14467","targetHints":{"allow":["GET"]}}],"collection":[{"href":"https:\/\/uj.adatbank.ro\/lexikon\/wp-json\/wp\/v2\/product"}],"about":[{"href":"https:\/\/uj.adatbank.ro\/lexikon\/wp-json\/wp\/v2\/types\/product"}],"replies":[{"embeddable":true,"href":"https:\/\/uj.adatbank.ro\/lexikon\/wp-json\/wp\/v2\/comments?post=14467"}],"wp:attachment":[{"href":"https:\/\/uj.adatbank.ro\/lexikon\/wp-json\/wp\/v2\/media?parent=14467"}],"wp:term":[{"taxonomy":"product_brand","embeddable":true,"href":"https:\/\/uj.adatbank.ro\/lexikon\/wp-json\/wp\/v2\/product_brand?post=14467"},{"taxonomy":"product_cat","embeddable":true,"href":"https:\/\/uj.adatbank.ro\/lexikon\/wp-json\/wp\/v2\/product_cat?post=14467"},{"taxonomy":"product_tag","embeddable":true,"href":"https:\/\/uj.adatbank.ro\/lexikon\/wp-json\/wp\/v2\/product_tag?post=14467"}],"curies":[{"name":"wp","href":"https:\/\/api.w.org\/{rel}","templated":true}]}}