{"id":14468,"date":"2025-07-15T13:02:47","date_gmt":"2025-07-15T11:02:47","guid":{"rendered":"https:\/\/uj.adatbank.ro\/lexikon\/termek\/makkai-sandor\/"},"modified":"2025-07-15T13:02:47","modified_gmt":"2025-07-15T11:02:47","slug":"makkai-sandor","status":"publish","type":"product","link":"https:\/\/uj.adatbank.ro\/lexikon\/termek\/makkai-sandor\/","title":{"rendered":"MAKKAI S\u00e1ndor"},"content":{"rendered":"<p>Backamadaras, 1867., \u2020\u00a0?\u00a0: gazd\u00e1lkod\u00f3. \u2013 Iskol\u00e1i elv\u00e9gz\u00e9se ut\u00e1n gazd\u00e1lkodni tanult, \u00f6n\u00e1ll\u00f3 lett 35 holdas f\u00f6ldj\u00e9n Backamadarason. A Hangya eln\u00f6ke, az egyh\u00e1zmegyei tan\u00e1cs tagja, a Tejsz\u00f6vetkezet eln\u00f6ke volt.  <br \/><strong>Irod.:<\/strong> Sz\u00e9kelyf\u00f6ld \u00ed.k.<\/br><\/p>\n","protected":false},"excerpt":{"rendered":"<p>Backamadaras, 1867., \u2020\u00a0?\u00a0: gazd\u00e1lkod\u00f3. \u2013 Iskol\u00e1i elv\u00e9gz\u00e9se ut\u00e1n gazd\u00e1lkodni tanult, \u00f6n\u00e1ll\u00f3 lett 35 holdas f\u00f6ldj\u00e9n Backamadarason. A Hangya eln\u00f6ke, az egyh\u00e1zmegyei tan\u00e1cs tagja, a Tejsz\u00f6vetkezet eln\u00f6ke volt. Irod.: Sz\u00e9kelyf\u00f6ld \u00ed.k.<\/p>\n","protected":false},"featured_media":0,"comment_status":"open","ping_status":"closed","template":"","meta":[],"product_brand":[],"product_cat":[137],"product_tag":[],"class_list":{"0":"post-14468","1":"product","2":"type-product","3":"status-publish","5":"product_cat-maros-megyei-eletrajzi-lexikon","7":"first","8":"instock","9":"shipping-taxable","10":"product-type-simple"},"_links":{"self":[{"href":"https:\/\/uj.adatbank.ro\/lexikon\/wp-json\/wp\/v2\/product\/14468","targetHints":{"allow":["GET"]}}],"collection":[{"href":"https:\/\/uj.adatbank.ro\/lexikon\/wp-json\/wp\/v2\/product"}],"about":[{"href":"https:\/\/uj.adatbank.ro\/lexikon\/wp-json\/wp\/v2\/types\/product"}],"replies":[{"embeddable":true,"href":"https:\/\/uj.adatbank.ro\/lexikon\/wp-json\/wp\/v2\/comments?post=14468"}],"wp:attachment":[{"href":"https:\/\/uj.adatbank.ro\/lexikon\/wp-json\/wp\/v2\/media?parent=14468"}],"wp:term":[{"taxonomy":"product_brand","embeddable":true,"href":"https:\/\/uj.adatbank.ro\/lexikon\/wp-json\/wp\/v2\/product_brand?post=14468"},{"taxonomy":"product_cat","embeddable":true,"href":"https:\/\/uj.adatbank.ro\/lexikon\/wp-json\/wp\/v2\/product_cat?post=14468"},{"taxonomy":"product_tag","embeddable":true,"href":"https:\/\/uj.adatbank.ro\/lexikon\/wp-json\/wp\/v2\/product_tag?post=14468"}],"curies":[{"name":"wp","href":"https:\/\/api.w.org\/{rel}","templated":true}]}}