{"id":14480,"date":"2025-07-15T13:03:10","date_gmt":"2025-07-15T11:03:10","guid":{"rendered":"https:\/\/uj.adatbank.ro\/lexikon\/termek\/maksay-eva\/"},"modified":"2025-07-15T13:03:10","modified_gmt":"2025-07-15T11:03:10","slug":"maksay-eva","status":"publish","type":"product","link":"https:\/\/uj.adatbank.ro\/lexikon\/termek\/maksay-eva\/","title":{"rendered":"MAKSAY \u00c9va"},"content":{"rendered":"<p>1934., \u2020 Sz\u00e1szr\u00e9gen, 1987. aug. 6.\u00a0: balerina, balettan\u00e1r. \u2013 Kv.-on v\u00e9gzett a Balett Int\u00e9zetben. A kv.-i Rom\u00e1n Opera primabalerin\u00e1ja. Tan\u00edtott modern \u00e9s karakter-t\u00e1ncot Torin\u00f3ban. <br \/><strong>Irod.:<\/strong> MMK; [Nekrol\u00f3g] (V.Z., 1987. aug. 8.); Todea 2013<\/br><\/p>\n","protected":false},"excerpt":{"rendered":"<p>1934., \u2020 Sz\u00e1szr\u00e9gen, 1987. aug. 6.\u00a0: balerina, balettan\u00e1r. \u2013 Kv.-on v\u00e9gzett a Balett Int\u00e9zetben. A kv.-i Rom\u00e1n Opera primabalerin\u00e1ja. Tan\u00edtott modern \u00e9s karakter-t\u00e1ncot Torin\u00f3ban. Irod.: MMK; [Nekrol\u00f3g] (V.Z., 1987. aug. 8.); Todea 2013<\/p>\n","protected":false},"featured_media":0,"comment_status":"open","ping_status":"closed","template":"","meta":[],"product_brand":[],"product_cat":[137],"product_tag":[],"class_list":{"0":"post-14480","1":"product","2":"type-product","3":"status-publish","5":"product_cat-maros-megyei-eletrajzi-lexikon","7":"first","8":"instock","9":"shipping-taxable","10":"product-type-simple"},"_links":{"self":[{"href":"https:\/\/uj.adatbank.ro\/lexikon\/wp-json\/wp\/v2\/product\/14480","targetHints":{"allow":["GET"]}}],"collection":[{"href":"https:\/\/uj.adatbank.ro\/lexikon\/wp-json\/wp\/v2\/product"}],"about":[{"href":"https:\/\/uj.adatbank.ro\/lexikon\/wp-json\/wp\/v2\/types\/product"}],"replies":[{"embeddable":true,"href":"https:\/\/uj.adatbank.ro\/lexikon\/wp-json\/wp\/v2\/comments?post=14480"}],"wp:attachment":[{"href":"https:\/\/uj.adatbank.ro\/lexikon\/wp-json\/wp\/v2\/media?parent=14480"}],"wp:term":[{"taxonomy":"product_brand","embeddable":true,"href":"https:\/\/uj.adatbank.ro\/lexikon\/wp-json\/wp\/v2\/product_brand?post=14480"},{"taxonomy":"product_cat","embeddable":true,"href":"https:\/\/uj.adatbank.ro\/lexikon\/wp-json\/wp\/v2\/product_cat?post=14480"},{"taxonomy":"product_tag","embeddable":true,"href":"https:\/\/uj.adatbank.ro\/lexikon\/wp-json\/wp\/v2\/product_tag?post=14480"}],"curies":[{"name":"wp","href":"https:\/\/api.w.org\/{rel}","templated":true}]}}