{"id":14482,"date":"2025-07-15T13:03:13","date_gmt":"2025-07-15T11:03:13","guid":{"rendered":"https:\/\/uj.adatbank.ro\/lexikon\/termek\/malakka-zsigmond\/"},"modified":"2025-07-15T13:03:13","modified_gmt":"2025-07-15T11:03:13","slug":"malakka-zsigmond","status":"publish","type":"product","link":"https:\/\/uj.adatbank.ro\/lexikon\/termek\/malakka-zsigmond\/","title":{"rendered":"MALAKKA Zsigmond"},"content":{"rendered":"<p>? \u2020\u00a0?: gy\u00e1ros. Gyermekj\u00e1t\u00e9kgy\u00e1ra volt Mv.-en. <br \/><strong>Irod.:<\/strong> Popa Valeriu\u00a0: Transilvania, Banatul Cri\u015fana \u015fi Maramur\u0103\u015ful (Buc., 1915)\u00a0; Szter\u00e9nyi J\u00f3zsef A Magyar Korona orsz\u00e1gainak gy\u00e1ripara az 1898. \u00e9vben (Bp., 1901)<\/br><\/p>\n","protected":false},"excerpt":{"rendered":"<p>? \u2020\u00a0?: gy\u00e1ros. Gyermekj\u00e1t\u00e9kgy\u00e1ra volt Mv.-en. Irod.: Popa Valeriu\u00a0: Transilvania, Banatul Cri\u015fana \u015fi Maramur\u0103\u015ful (Buc., 1915)\u00a0; Szter\u00e9nyi J\u00f3zsef A Magyar Korona orsz\u00e1gainak gy\u00e1ripara az 1898. \u00e9vben (Bp., 1901)<\/p>\n","protected":false},"featured_media":0,"comment_status":"open","ping_status":"closed","template":"","meta":[],"product_brand":[],"product_cat":[137],"product_tag":[],"class_list":{"0":"post-14482","1":"product","2":"type-product","3":"status-publish","5":"product_cat-maros-megyei-eletrajzi-lexikon","7":"first","8":"instock","9":"shipping-taxable","10":"product-type-simple"},"_links":{"self":[{"href":"https:\/\/uj.adatbank.ro\/lexikon\/wp-json\/wp\/v2\/product\/14482","targetHints":{"allow":["GET"]}}],"collection":[{"href":"https:\/\/uj.adatbank.ro\/lexikon\/wp-json\/wp\/v2\/product"}],"about":[{"href":"https:\/\/uj.adatbank.ro\/lexikon\/wp-json\/wp\/v2\/types\/product"}],"replies":[{"embeddable":true,"href":"https:\/\/uj.adatbank.ro\/lexikon\/wp-json\/wp\/v2\/comments?post=14482"}],"wp:attachment":[{"href":"https:\/\/uj.adatbank.ro\/lexikon\/wp-json\/wp\/v2\/media?parent=14482"}],"wp:term":[{"taxonomy":"product_brand","embeddable":true,"href":"https:\/\/uj.adatbank.ro\/lexikon\/wp-json\/wp\/v2\/product_brand?post=14482"},{"taxonomy":"product_cat","embeddable":true,"href":"https:\/\/uj.adatbank.ro\/lexikon\/wp-json\/wp\/v2\/product_cat?post=14482"},{"taxonomy":"product_tag","embeddable":true,"href":"https:\/\/uj.adatbank.ro\/lexikon\/wp-json\/wp\/v2\/product_tag?post=14482"}],"curies":[{"name":"wp","href":"https:\/\/api.w.org\/{rel}","templated":true}]}}