{"id":14487,"date":"2025-07-15T13:03:25","date_gmt":"2025-07-15T11:03:25","guid":{"rendered":"https:\/\/uj.adatbank.ro\/lexikon\/termek\/malnasi-andras\/"},"modified":"2025-07-15T13:03:25","modified_gmt":"2025-07-15T11:03:25","slug":"malnasi-andras","status":"publish","type":"product","link":"https:\/\/uj.adatbank.ro\/lexikon\/termek\/malnasi-andras\/","title":{"rendered":"M\u00c1LN\u00c1SI Andr\u00e1s"},"content":{"rendered":"<p>? \u2020\u00a0?: ref. tan\u00edt\u00f3. \u2013 Ny\u00e1r\u00e1dszered\u00e1n tan\u00edtott (1797\u20131815), N\u00e1zn\u00e1nfalva (1816\u20131823). <br \/><strong>Irod.:<\/strong> Imreh Barna; Ny\u00e1r\u00e1dszereda: Kiskalauz<\/br><\/p>\n","protected":false},"excerpt":{"rendered":"<p>? \u2020\u00a0?: ref. tan\u00edt\u00f3. \u2013 Ny\u00e1r\u00e1dszered\u00e1n tan\u00edtott (1797\u20131815), N\u00e1zn\u00e1nfalva (1816\u20131823). Irod.: Imreh Barna; Ny\u00e1r\u00e1dszereda: Kiskalauz<\/p>\n","protected":false},"featured_media":0,"comment_status":"open","ping_status":"closed","template":"","meta":[],"product_brand":[],"product_cat":[137],"product_tag":[],"class_list":{"0":"post-14487","1":"product","2":"type-product","3":"status-publish","5":"product_cat-maros-megyei-eletrajzi-lexikon","7":"first","8":"instock","9":"shipping-taxable","10":"product-type-simple"},"_links":{"self":[{"href":"https:\/\/uj.adatbank.ro\/lexikon\/wp-json\/wp\/v2\/product\/14487","targetHints":{"allow":["GET"]}}],"collection":[{"href":"https:\/\/uj.adatbank.ro\/lexikon\/wp-json\/wp\/v2\/product"}],"about":[{"href":"https:\/\/uj.adatbank.ro\/lexikon\/wp-json\/wp\/v2\/types\/product"}],"replies":[{"embeddable":true,"href":"https:\/\/uj.adatbank.ro\/lexikon\/wp-json\/wp\/v2\/comments?post=14487"}],"wp:attachment":[{"href":"https:\/\/uj.adatbank.ro\/lexikon\/wp-json\/wp\/v2\/media?parent=14487"}],"wp:term":[{"taxonomy":"product_brand","embeddable":true,"href":"https:\/\/uj.adatbank.ro\/lexikon\/wp-json\/wp\/v2\/product_brand?post=14487"},{"taxonomy":"product_cat","embeddable":true,"href":"https:\/\/uj.adatbank.ro\/lexikon\/wp-json\/wp\/v2\/product_cat?post=14487"},{"taxonomy":"product_tag","embeddable":true,"href":"https:\/\/uj.adatbank.ro\/lexikon\/wp-json\/wp\/v2\/product_tag?post=14487"}],"curies":[{"name":"wp","href":"https:\/\/api.w.org\/{rel}","templated":true}]}}