{"id":14496,"date":"2025-07-15T13:03:37","date_gmt":"2025-07-15T11:03:37","guid":{"rendered":"https:\/\/uj.adatbank.ro\/lexikon\/termek\/malom-egerbegyi-csalad\/"},"modified":"2025-07-15T13:03:37","modified_gmt":"2025-07-15T11:03:37","slug":"malom-egerbegyi-csalad","status":"publish","type":"product","link":"https:\/\/uj.adatbank.ro\/lexikon\/termek\/malom-egerbegyi-csalad\/","title":{"rendered":"MALOM, egerbegyi csal\u00e1d"},"content":{"rendered":"<p>C\u00edmeres levele kelt 1653. okt. 31. Malom Zsigmond erd\u00e9lyi f\u0151korm\u00e1nysz\u00e9ki titk\u00e1r, ut\u00f3bb (m\u00e1r 1816-ban) tan\u00e1csos-, nemess\u00e9gre emelkedett Neje Kornis Am\u00e1lia, kit\u0151l az irodalmi t\u00e9ren is ismeretes le\u00e1nya Malom Lujza sz\u00fcletett, meghalt 1847-ben. <br \/><strong>Irod.:<\/strong> Kempelen; Nagy Iv\u00e1n<\/br><\/p>\n","protected":false},"excerpt":{"rendered":"<p>C\u00edmeres levele kelt 1653. okt. 31. Malom Zsigmond erd\u00e9lyi f\u0151korm\u00e1nysz\u00e9ki titk\u00e1r, ut\u00f3bb (m\u00e1r 1816-ban) tan\u00e1csos-, nemess\u00e9gre emelkedett Neje Kornis Am\u00e1lia, kit\u0151l az irodalmi t\u00e9ren is ismeretes le\u00e1nya Malom Lujza sz\u00fcletett, meghalt 1847-ben. Irod.: Kempelen; Nagy Iv\u00e1n<\/p>\n","protected":false},"featured_media":0,"comment_status":"open","ping_status":"closed","template":"","meta":[],"product_brand":[],"product_cat":[137],"product_tag":[],"class_list":{"0":"post-14496","1":"product","2":"type-product","3":"status-publish","5":"product_cat-maros-megyei-eletrajzi-lexikon","7":"first","8":"instock","9":"shipping-taxable","10":"product-type-simple"},"_links":{"self":[{"href":"https:\/\/uj.adatbank.ro\/lexikon\/wp-json\/wp\/v2\/product\/14496","targetHints":{"allow":["GET"]}}],"collection":[{"href":"https:\/\/uj.adatbank.ro\/lexikon\/wp-json\/wp\/v2\/product"}],"about":[{"href":"https:\/\/uj.adatbank.ro\/lexikon\/wp-json\/wp\/v2\/types\/product"}],"replies":[{"embeddable":true,"href":"https:\/\/uj.adatbank.ro\/lexikon\/wp-json\/wp\/v2\/comments?post=14496"}],"wp:attachment":[{"href":"https:\/\/uj.adatbank.ro\/lexikon\/wp-json\/wp\/v2\/media?parent=14496"}],"wp:term":[{"taxonomy":"product_brand","embeddable":true,"href":"https:\/\/uj.adatbank.ro\/lexikon\/wp-json\/wp\/v2\/product_brand?post=14496"},{"taxonomy":"product_cat","embeddable":true,"href":"https:\/\/uj.adatbank.ro\/lexikon\/wp-json\/wp\/v2\/product_cat?post=14496"},{"taxonomy":"product_tag","embeddable":true,"href":"https:\/\/uj.adatbank.ro\/lexikon\/wp-json\/wp\/v2\/product_tag?post=14496"}],"curies":[{"name":"wp","href":"https:\/\/api.w.org\/{rel}","templated":true}]}}