{"id":14501,"date":"2025-07-15T13:03:47","date_gmt":"2025-07-15T11:03:47","guid":{"rendered":"https:\/\/uj.adatbank.ro\/lexikon\/termek\/malos-liviu\/"},"modified":"2025-07-15T13:03:47","modified_gmt":"2025-07-15T11:03:47","slug":"malos-liviu","status":"publish","type":"product","link":"https:\/\/uj.adatbank.ro\/lexikon\/termek\/malos-liviu\/","title":{"rendered":"MALO\u015e, Liviu."},"content":{"rendered":"<p>Als\u00f3r\u00e9pa, 1920. Nov. 11., \u2020 ?: k\u00f6nyvel\u0151. \u2013 Sz\u00e1szr\u00e9genben tev\u00e9kenykedett. Tagja volt a Faliboga-f\u00e9le szervezked\u00e9s III. csoportj\u00e1nak. Letart\u00f3ztatt\u00e1k (1957. m\u00e1rc. 6). <br \/><strong>Irod.:<\/strong> \u00c1ldozatok<\/br><\/p>\n","protected":false},"excerpt":{"rendered":"<p>Als\u00f3r\u00e9pa, 1920. Nov. 11., \u2020 ?: k\u00f6nyvel\u0151. \u2013 Sz\u00e1szr\u00e9genben tev\u00e9kenykedett. Tagja volt a Faliboga-f\u00e9le szervezked\u00e9s III. csoportj\u00e1nak. Letart\u00f3ztatt\u00e1k (1957. m\u00e1rc. 6). Irod.: \u00c1ldozatok<\/p>\n","protected":false},"featured_media":0,"comment_status":"open","ping_status":"closed","template":"","meta":[],"product_brand":[],"product_cat":[137],"product_tag":[],"class_list":{"0":"post-14501","1":"product","2":"type-product","3":"status-publish","5":"product_cat-maros-megyei-eletrajzi-lexikon","7":"first","8":"instock","9":"shipping-taxable","10":"product-type-simple"},"_links":{"self":[{"href":"https:\/\/uj.adatbank.ro\/lexikon\/wp-json\/wp\/v2\/product\/14501","targetHints":{"allow":["GET"]}}],"collection":[{"href":"https:\/\/uj.adatbank.ro\/lexikon\/wp-json\/wp\/v2\/product"}],"about":[{"href":"https:\/\/uj.adatbank.ro\/lexikon\/wp-json\/wp\/v2\/types\/product"}],"replies":[{"embeddable":true,"href":"https:\/\/uj.adatbank.ro\/lexikon\/wp-json\/wp\/v2\/comments?post=14501"}],"wp:attachment":[{"href":"https:\/\/uj.adatbank.ro\/lexikon\/wp-json\/wp\/v2\/media?parent=14501"}],"wp:term":[{"taxonomy":"product_brand","embeddable":true,"href":"https:\/\/uj.adatbank.ro\/lexikon\/wp-json\/wp\/v2\/product_brand?post=14501"},{"taxonomy":"product_cat","embeddable":true,"href":"https:\/\/uj.adatbank.ro\/lexikon\/wp-json\/wp\/v2\/product_cat?post=14501"},{"taxonomy":"product_tag","embeddable":true,"href":"https:\/\/uj.adatbank.ro\/lexikon\/wp-json\/wp\/v2\/product_tag?post=14501"}],"curies":[{"name":"wp","href":"https:\/\/api.w.org\/{rel}","templated":true}]}}