{"id":14502,"date":"2025-07-15T13:03:49","date_gmt":"2025-07-15T11:03:49","guid":{"rendered":"https:\/\/uj.adatbank.ro\/lexikon\/termek\/malos-nelu\/"},"modified":"2025-07-15T13:03:49","modified_gmt":"2025-07-15T11:03:49","slug":"malos-nelu","status":"publish","type":"product","link":"https:\/\/uj.adatbank.ro\/lexikon\/termek\/malos-nelu\/","title":{"rendered":"MALO\u015e Nelu"},"content":{"rendered":"<p>? \u2020\u00a0?: fels\u0151r\u00e9pai folkl\u00f3rgy\u0171jt\u0151. <br \/><strong>Irod.:<\/strong> Netea\u00a0: Mur\u0103\u015f, Mur\u0103\u015f ap\u0103 lin\u0103 (Reghin, 1936)<\/br><\/p>\n","protected":false},"excerpt":{"rendered":"<p>? \u2020\u00a0?: fels\u0151r\u00e9pai folkl\u00f3rgy\u0171jt\u0151. Irod.: Netea\u00a0: Mur\u0103\u015f, Mur\u0103\u015f ap\u0103 lin\u0103 (Reghin, 1936)<\/p>\n","protected":false},"featured_media":0,"comment_status":"open","ping_status":"closed","template":"","meta":[],"product_brand":[],"product_cat":[137],"product_tag":[],"class_list":{"0":"post-14502","1":"product","2":"type-product","3":"status-publish","5":"product_cat-maros-megyei-eletrajzi-lexikon","7":"first","8":"instock","9":"shipping-taxable","10":"product-type-simple"},"_links":{"self":[{"href":"https:\/\/uj.adatbank.ro\/lexikon\/wp-json\/wp\/v2\/product\/14502","targetHints":{"allow":["GET"]}}],"collection":[{"href":"https:\/\/uj.adatbank.ro\/lexikon\/wp-json\/wp\/v2\/product"}],"about":[{"href":"https:\/\/uj.adatbank.ro\/lexikon\/wp-json\/wp\/v2\/types\/product"}],"replies":[{"embeddable":true,"href":"https:\/\/uj.adatbank.ro\/lexikon\/wp-json\/wp\/v2\/comments?post=14502"}],"wp:attachment":[{"href":"https:\/\/uj.adatbank.ro\/lexikon\/wp-json\/wp\/v2\/media?parent=14502"}],"wp:term":[{"taxonomy":"product_brand","embeddable":true,"href":"https:\/\/uj.adatbank.ro\/lexikon\/wp-json\/wp\/v2\/product_brand?post=14502"},{"taxonomy":"product_cat","embeddable":true,"href":"https:\/\/uj.adatbank.ro\/lexikon\/wp-json\/wp\/v2\/product_cat?post=14502"},{"taxonomy":"product_tag","embeddable":true,"href":"https:\/\/uj.adatbank.ro\/lexikon\/wp-json\/wp\/v2\/product_tag?post=14502"}],"curies":[{"name":"wp","href":"https:\/\/api.w.org\/{rel}","templated":true}]}}