{"id":14507,"date":"2025-07-15T13:04:01","date_gmt":"2025-07-15T11:04:01","guid":{"rendered":"https:\/\/uj.adatbank.ro\/lexikon\/termek\/man-elemer-man-elemer\/"},"modified":"2025-07-15T13:04:01","modified_gmt":"2025-07-15T11:04:01","slug":"man-elemer-man-elemer","status":"publish","type":"product","link":"https:\/\/uj.adatbank.ro\/lexikon\/termek\/man-elemer-man-elemer\/","title":{"rendered":"M\u00c1N Elem\u00e9r, Man Elem\u00e9r"},"content":{"rendered":"<p>Marosszentkir\u00e1ly, 1918., \u2020\u00a0?, : dr. \u2013 A II. vh.-ban tart. hadnagyi rangban vett r\u00e9szt. A Mv.-i \u00c1llami Filharm\u00f3nia alap\u00edt\u00f3 tagjai k\u00f6z\u00f6tt szerepelt mint heged\u0171s (1950). <br \/><strong>Irod.:<\/strong> Filarmonica 50; Berekm\u00e9ri<\/br><\/p>\n","protected":false},"excerpt":{"rendered":"<p>Marosszentkir\u00e1ly, 1918., \u2020\u00a0?, : dr. \u2013 A II. vh.-ban tart. hadnagyi rangban vett r\u00e9szt. A Mv.-i \u00c1llami Filharm\u00f3nia alap\u00edt\u00f3 tagjai k\u00f6z\u00f6tt szerepelt mint heged\u0171s (1950). Irod.: Filarmonica 50; Berekm\u00e9ri<\/p>\n","protected":false},"featured_media":0,"comment_status":"open","ping_status":"closed","template":"","meta":[],"product_brand":[],"product_cat":[137],"product_tag":[],"class_list":{"0":"post-14507","1":"product","2":"type-product","3":"status-publish","5":"product_cat-maros-megyei-eletrajzi-lexikon","7":"first","8":"instock","9":"shipping-taxable","10":"product-type-simple"},"_links":{"self":[{"href":"https:\/\/uj.adatbank.ro\/lexikon\/wp-json\/wp\/v2\/product\/14507","targetHints":{"allow":["GET"]}}],"collection":[{"href":"https:\/\/uj.adatbank.ro\/lexikon\/wp-json\/wp\/v2\/product"}],"about":[{"href":"https:\/\/uj.adatbank.ro\/lexikon\/wp-json\/wp\/v2\/types\/product"}],"replies":[{"embeddable":true,"href":"https:\/\/uj.adatbank.ro\/lexikon\/wp-json\/wp\/v2\/comments?post=14507"}],"wp:attachment":[{"href":"https:\/\/uj.adatbank.ro\/lexikon\/wp-json\/wp\/v2\/media?parent=14507"}],"wp:term":[{"taxonomy":"product_brand","embeddable":true,"href":"https:\/\/uj.adatbank.ro\/lexikon\/wp-json\/wp\/v2\/product_brand?post=14507"},{"taxonomy":"product_cat","embeddable":true,"href":"https:\/\/uj.adatbank.ro\/lexikon\/wp-json\/wp\/v2\/product_cat?post=14507"},{"taxonomy":"product_tag","embeddable":true,"href":"https:\/\/uj.adatbank.ro\/lexikon\/wp-json\/wp\/v2\/product_tag?post=14507"}],"curies":[{"name":"wp","href":"https:\/\/api.w.org\/{rel}","templated":true}]}}