{"id":14508,"date":"2025-07-15T13:04:02","date_gmt":"2025-07-15T11:04:02","guid":{"rendered":"https:\/\/uj.adatbank.ro\/lexikon\/termek\/man-gheorghe\/"},"modified":"2025-07-15T13:04:02","modified_gmt":"2025-07-15T11:04:02","slug":"man-gheorghe","status":"publish","type":"product","link":"https:\/\/uj.adatbank.ro\/lexikon\/termek\/man-gheorghe\/","title":{"rendered":"MAN, Gheorghe"},"content":{"rendered":"<p>Erd\u0151idecs?, \u2020\u00a0?\u00a0: ort. pap. \u2013 Sz\u00fcl\u0151faluj\u00e1ban ort. papk\u00e9nt szolg\u00e1lt (1975\u201383), majd Ny\u00e1r\u00e1dt\u0151ben, (1983\u2013 96).-. Szolg\u00e1lata idej\u00e9ben folytatt\u00e1k a parohia \u00e9p\u00fclet\u00e9nek \u00e9p\u00edt\u00e9s\u00e9t (1973\u201376). <br \/><strong>Irod.:<\/strong> Reghin, Protopopiat; \u015eincan 2006<\/br><\/p>\n","protected":false},"excerpt":{"rendered":"<p>Erd\u0151idecs?, \u2020\u00a0?\u00a0: ort. pap. \u2013 Sz\u00fcl\u0151faluj\u00e1ban ort. papk\u00e9nt szolg\u00e1lt (1975\u201383), majd Ny\u00e1r\u00e1dt\u0151ben, (1983\u2013 96).-. Szolg\u00e1lata idej\u00e9ben folytatt\u00e1k a parohia \u00e9p\u00fclet\u00e9nek \u00e9p\u00edt\u00e9s\u00e9t (1973\u201376). Irod.: Reghin, Protopopiat; \u015eincan 2006<\/p>\n","protected":false},"featured_media":0,"comment_status":"open","ping_status":"closed","template":"","meta":[],"product_brand":[],"product_cat":[137],"product_tag":[],"class_list":{"0":"post-14508","1":"product","2":"type-product","3":"status-publish","5":"product_cat-maros-megyei-eletrajzi-lexikon","7":"first","8":"instock","9":"shipping-taxable","10":"product-type-simple"},"_links":{"self":[{"href":"https:\/\/uj.adatbank.ro\/lexikon\/wp-json\/wp\/v2\/product\/14508","targetHints":{"allow":["GET"]}}],"collection":[{"href":"https:\/\/uj.adatbank.ro\/lexikon\/wp-json\/wp\/v2\/product"}],"about":[{"href":"https:\/\/uj.adatbank.ro\/lexikon\/wp-json\/wp\/v2\/types\/product"}],"replies":[{"embeddable":true,"href":"https:\/\/uj.adatbank.ro\/lexikon\/wp-json\/wp\/v2\/comments?post=14508"}],"wp:attachment":[{"href":"https:\/\/uj.adatbank.ro\/lexikon\/wp-json\/wp\/v2\/media?parent=14508"}],"wp:term":[{"taxonomy":"product_brand","embeddable":true,"href":"https:\/\/uj.adatbank.ro\/lexikon\/wp-json\/wp\/v2\/product_brand?post=14508"},{"taxonomy":"product_cat","embeddable":true,"href":"https:\/\/uj.adatbank.ro\/lexikon\/wp-json\/wp\/v2\/product_cat?post=14508"},{"taxonomy":"product_tag","embeddable":true,"href":"https:\/\/uj.adatbank.ro\/lexikon\/wp-json\/wp\/v2\/product_tag?post=14508"}],"curies":[{"name":"wp","href":"https:\/\/api.w.org\/{rel}","templated":true}]}}