{"id":14510,"date":"2025-07-15T13:04:07","date_gmt":"2025-07-15T11:04:07","guid":{"rendered":"https:\/\/uj.adatbank.ro\/lexikon\/termek\/man-ioan\/"},"modified":"2025-07-15T13:04:07","modified_gmt":"2025-07-15T11:04:07","slug":"man-ioan","status":"publish","type":"product","link":"https:\/\/uj.adatbank.ro\/lexikon\/termek\/man-ioan\/","title":{"rendered":"MAN, Ioan"},"content":{"rendered":"<p>Mez\u0151szabad, 1791. \u2020 Mv., 1826.: g. kat. pap. \u2013 K\u00f6z\u00e9piskol\u00e1t Mv.-en, teol\u00f3gi\u00e1t Bal\u00e1zsfalv\u00e1n v\u00e9gzett (1813), ekkor szentelik papp\u00e1 is. Tan\u00edtott Bal\u00e1zsfalv\u00e1n (1813), pl\u00e9b\u00e1nos a sz\u00fcl\u0151faluj\u00e1ban (1814\u2013), majd Mv.-en pl\u00e9b\u00e1nos, esperes (1825-?). <br \/><strong>Irod.:<\/strong> Com\u015fa; Com\u015fa\u2013Seiceanu; \u015eerban 2006; Todea 2013<\/br><\/p>\n","protected":false},"excerpt":{"rendered":"<p>Mez\u0151szabad, 1791. \u2020 Mv., 1826.: g. kat. pap. \u2013 K\u00f6z\u00e9piskol\u00e1t Mv.-en, teol\u00f3gi\u00e1t Bal\u00e1zsfalv\u00e1n v\u00e9gzett (1813), ekkor szentelik papp\u00e1 is. Tan\u00edtott Bal\u00e1zsfalv\u00e1n (1813), pl\u00e9b\u00e1nos a sz\u00fcl\u0151faluj\u00e1ban (1814\u2013), majd Mv.-en pl\u00e9b\u00e1nos, esperes (1825-?). Irod.: Com\u015fa; Com\u015fa\u2013Seiceanu; \u015eerban 2006; Todea 2013<\/p>\n","protected":false},"featured_media":0,"comment_status":"open","ping_status":"closed","template":"","meta":[],"product_brand":[],"product_cat":[137],"product_tag":[],"class_list":{"0":"post-14510","1":"product","2":"type-product","3":"status-publish","5":"product_cat-maros-megyei-eletrajzi-lexikon","7":"first","8":"instock","9":"shipping-taxable","10":"product-type-simple"},"_links":{"self":[{"href":"https:\/\/uj.adatbank.ro\/lexikon\/wp-json\/wp\/v2\/product\/14510","targetHints":{"allow":["GET"]}}],"collection":[{"href":"https:\/\/uj.adatbank.ro\/lexikon\/wp-json\/wp\/v2\/product"}],"about":[{"href":"https:\/\/uj.adatbank.ro\/lexikon\/wp-json\/wp\/v2\/types\/product"}],"replies":[{"embeddable":true,"href":"https:\/\/uj.adatbank.ro\/lexikon\/wp-json\/wp\/v2\/comments?post=14510"}],"wp:attachment":[{"href":"https:\/\/uj.adatbank.ro\/lexikon\/wp-json\/wp\/v2\/media?parent=14510"}],"wp:term":[{"taxonomy":"product_brand","embeddable":true,"href":"https:\/\/uj.adatbank.ro\/lexikon\/wp-json\/wp\/v2\/product_brand?post=14510"},{"taxonomy":"product_cat","embeddable":true,"href":"https:\/\/uj.adatbank.ro\/lexikon\/wp-json\/wp\/v2\/product_cat?post=14510"},{"taxonomy":"product_tag","embeddable":true,"href":"https:\/\/uj.adatbank.ro\/lexikon\/wp-json\/wp\/v2\/product_tag?post=14510"}],"curies":[{"name":"wp","href":"https:\/\/api.w.org\/{rel}","templated":true}]}}