{"id":14512,"date":"2025-07-15T13:04:11","date_gmt":"2025-07-15T11:04:11","guid":{"rendered":"https:\/\/uj.adatbank.ro\/lexikon\/termek\/man-ioan-3\/"},"modified":"2025-07-15T13:04:11","modified_gmt":"2025-07-15T11:04:11","slug":"man-ioan-3","status":"publish","type":"product","link":"https:\/\/uj.adatbank.ro\/lexikon\/termek\/man-ioan-3\/","title":{"rendered":"MAN, Ioan"},"content":{"rendered":"<p>G\u00f6rg\u00e9nyhod\u00e1k, 1899. dec. 16., \u2020\u00a0?\u00a0: keresked\u0151. \u2013Sz\u00e1szr\u00e9genben kereked\u0151. K\u00e9nyszermunkat\u00e1borba k\u00fcldte a securitate (1952), a p\u00e9nzbev\u00e1lt\u00e1ssal kapcsolatos negat\u00edv h\u00edrkelt\u00e9s miatt. <br \/><strong>Irod.:<\/strong> Bartos 2012<\/br><\/p>\n","protected":false},"excerpt":{"rendered":"<p>G\u00f6rg\u00e9nyhod\u00e1k, 1899. dec. 16., \u2020\u00a0?\u00a0: keresked\u0151. \u2013Sz\u00e1szr\u00e9genben kereked\u0151. K\u00e9nyszermunkat\u00e1borba k\u00fcldte a securitate (1952), a p\u00e9nzbev\u00e1lt\u00e1ssal kapcsolatos negat\u00edv h\u00edrkelt\u00e9s miatt. Irod.: Bartos 2012<\/p>\n","protected":false},"featured_media":0,"comment_status":"open","ping_status":"closed","template":"","meta":[],"product_brand":[],"product_cat":[137],"product_tag":[],"class_list":{"0":"post-14512","1":"product","2":"type-product","3":"status-publish","5":"product_cat-maros-megyei-eletrajzi-lexikon","7":"first","8":"instock","9":"shipping-taxable","10":"product-type-simple"},"_links":{"self":[{"href":"https:\/\/uj.adatbank.ro\/lexikon\/wp-json\/wp\/v2\/product\/14512","targetHints":{"allow":["GET"]}}],"collection":[{"href":"https:\/\/uj.adatbank.ro\/lexikon\/wp-json\/wp\/v2\/product"}],"about":[{"href":"https:\/\/uj.adatbank.ro\/lexikon\/wp-json\/wp\/v2\/types\/product"}],"replies":[{"embeddable":true,"href":"https:\/\/uj.adatbank.ro\/lexikon\/wp-json\/wp\/v2\/comments?post=14512"}],"wp:attachment":[{"href":"https:\/\/uj.adatbank.ro\/lexikon\/wp-json\/wp\/v2\/media?parent=14512"}],"wp:term":[{"taxonomy":"product_brand","embeddable":true,"href":"https:\/\/uj.adatbank.ro\/lexikon\/wp-json\/wp\/v2\/product_brand?post=14512"},{"taxonomy":"product_cat","embeddable":true,"href":"https:\/\/uj.adatbank.ro\/lexikon\/wp-json\/wp\/v2\/product_cat?post=14512"},{"taxonomy":"product_tag","embeddable":true,"href":"https:\/\/uj.adatbank.ro\/lexikon\/wp-json\/wp\/v2\/product_tag?post=14512"}],"curies":[{"name":"wp","href":"https:\/\/api.w.org\/{rel}","templated":true}]}}