{"id":14515,"date":"2025-07-15T13:04:16","date_gmt":"2025-07-15T11:04:16","guid":{"rendered":"https:\/\/uj.adatbank.ro\/lexikon\/termek\/man-leonte-nicolae-%c2%a7\/"},"modified":"2025-07-15T13:04:16","modified_gmt":"2025-07-15T11:04:16","slug":"man-leonte-nicolae-%c2%a7","status":"publish","type":"product","link":"https:\/\/uj.adatbank.ro\/lexikon\/termek\/man-leonte-nicolae-%c2%a7\/","title":{"rendered":"MAN, Leonte Nicolae, \u00a7"},"content":{"rendered":"<p>Marosludas, 1967 okt. 2., \u2020 Buk., 1989. dec..23., eltemetve Marosgezsezs\u00e9n: munk\u00e1s, a forradalom h\u0151se. -: Elemi isko\u00e1t Gezs\u00e9ben (1974\u20131982), lic.-ot Ludason (1982\u20131986) v\u00e9gzett. Katonai szolg\u00e1lat ut\u00e1n Kudzsiron dolgozott. 1989 dec. 22.-\u00e9n Marosgezs\u00e9ben \u0151 h\u00fazta meg a harangokat, h\u00edrdetve a szabads\u00e1g kiv\u00edv\u00e1s\u00e1t. 23.-\u00e1n Buk.-be utazott, h. a forradalm\u00e1rok mell\u00e9 \u00e1lljon. A t\u00f6megben \u00e9rte a gyilkos goly\u00f3. <br \/><strong>Irod.:<\/strong> Ludu\u015f<\/br><\/p>\n","protected":false},"excerpt":{"rendered":"<p>Marosludas, 1967 okt. 2., \u2020 Buk., 1989. dec..23., eltemetve Marosgezsezs\u00e9n: munk\u00e1s, a forradalom h\u0151se. -: Elemi isko\u00e1t Gezs\u00e9ben (1974\u20131982), lic.-ot Ludason (1982\u20131986) v\u00e9gzett. Katonai szolg\u00e1lat ut\u00e1n Kudzsiron dolgozott. 1989 dec. 22.-\u00e9n Marosgezs\u00e9ben \u0151 h\u00fazta meg a harangokat, h\u00edrdetve a szabads\u00e1g kiv\u00edv\u00e1s\u00e1t. 23.-\u00e1n Buk.-be utazott, h. a forradalm\u00e1rok mell\u00e9 \u00e1lljon. A t\u00f6megben \u00e9rte a gyilkos goly\u00f3. [&hellip;]<\/p>\n","protected":false},"featured_media":0,"comment_status":"open","ping_status":"closed","template":"","meta":[],"product_brand":[],"product_cat":[137],"product_tag":[],"class_list":{"0":"post-14515","1":"product","2":"type-product","3":"status-publish","5":"product_cat-maros-megyei-eletrajzi-lexikon","7":"first","8":"instock","9":"shipping-taxable","10":"product-type-simple"},"_links":{"self":[{"href":"https:\/\/uj.adatbank.ro\/lexikon\/wp-json\/wp\/v2\/product\/14515","targetHints":{"allow":["GET"]}}],"collection":[{"href":"https:\/\/uj.adatbank.ro\/lexikon\/wp-json\/wp\/v2\/product"}],"about":[{"href":"https:\/\/uj.adatbank.ro\/lexikon\/wp-json\/wp\/v2\/types\/product"}],"replies":[{"embeddable":true,"href":"https:\/\/uj.adatbank.ro\/lexikon\/wp-json\/wp\/v2\/comments?post=14515"}],"wp:attachment":[{"href":"https:\/\/uj.adatbank.ro\/lexikon\/wp-json\/wp\/v2\/media?parent=14515"}],"wp:term":[{"taxonomy":"product_brand","embeddable":true,"href":"https:\/\/uj.adatbank.ro\/lexikon\/wp-json\/wp\/v2\/product_brand?post=14515"},{"taxonomy":"product_cat","embeddable":true,"href":"https:\/\/uj.adatbank.ro\/lexikon\/wp-json\/wp\/v2\/product_cat?post=14515"},{"taxonomy":"product_tag","embeddable":true,"href":"https:\/\/uj.adatbank.ro\/lexikon\/wp-json\/wp\/v2\/product_tag?post=14515"}],"curies":[{"name":"wp","href":"https:\/\/api.w.org\/{rel}","templated":true}]}}