{"id":14520,"date":"2025-07-15T13:04:27","date_gmt":"2025-07-15T11:04:27","guid":{"rendered":"https:\/\/uj.adatbank.ro\/lexikon\/termek\/manchen-michael-manchen-mihaly\/"},"modified":"2025-07-15T13:04:27","modified_gmt":"2025-07-15T11:04:27","slug":"manchen-michael-manchen-mihaly","status":"publish","type":"product","link":"https:\/\/uj.adatbank.ro\/lexikon\/termek\/manchen-michael-manchen-mihaly\/","title":{"rendered":"MANCHEN Michael; Manchen Mih\u00e1ly"},"content":{"rendered":"<p>1838., \u2020 1916.: harang\u00f6nt\u0151. \u2013 Segesv\u00e1ron \u00f6nt\u00f6tt 19 harangot (1864\u20131901). A mv.-i Minorita templom harangj\u00e1nak k\u00f6rirata a k\u00f6vetkez\u0151: \u201cA marosv\u00e1s\u00e1rhelyi T. Minorita Aty\u00e1k \u00e1ltal \u00fajra \u00f6ntetett Szent Antal tisztelet\u00e9re 1878 m\u00e1jusban, segesv\u00e1ri Manchen Mih\u00e1ly \u00e1ltal.\u201d <br \/><strong>Irod.:<\/strong> D\u00e1vid L\u00e1szl\u00f3: Harangok, harang\u00f6nt\u0151k (Sz\u00e9kelyf\u00f6ld, 4. sz., 1998. \u00e1pr.); Minorit\u00e1k<\/br><\/p>\n","protected":false},"excerpt":{"rendered":"<p>1838., \u2020 1916.: harang\u00f6nt\u0151. \u2013 Segesv\u00e1ron \u00f6nt\u00f6tt 19 harangot (1864\u20131901). A mv.-i Minorita templom harangj\u00e1nak k\u00f6rirata a k\u00f6vetkez\u0151: \u201cA marosv\u00e1s\u00e1rhelyi T. Minorita Aty\u00e1k \u00e1ltal \u00fajra \u00f6ntetett Szent Antal tisztelet\u00e9re 1878 m\u00e1jusban, segesv\u00e1ri Manchen Mih\u00e1ly \u00e1ltal.\u201d Irod.: D\u00e1vid L\u00e1szl\u00f3: Harangok, harang\u00f6nt\u0151k (Sz\u00e9kelyf\u00f6ld, 4. sz., 1998. \u00e1pr.); Minorit\u00e1k<\/p>\n","protected":false},"featured_media":0,"comment_status":"open","ping_status":"closed","template":"","meta":[],"product_brand":[],"product_cat":[137],"product_tag":[],"class_list":{"0":"post-14520","1":"product","2":"type-product","3":"status-publish","5":"product_cat-maros-megyei-eletrajzi-lexikon","7":"first","8":"instock","9":"shipping-taxable","10":"product-type-simple"},"_links":{"self":[{"href":"https:\/\/uj.adatbank.ro\/lexikon\/wp-json\/wp\/v2\/product\/14520","targetHints":{"allow":["GET"]}}],"collection":[{"href":"https:\/\/uj.adatbank.ro\/lexikon\/wp-json\/wp\/v2\/product"}],"about":[{"href":"https:\/\/uj.adatbank.ro\/lexikon\/wp-json\/wp\/v2\/types\/product"}],"replies":[{"embeddable":true,"href":"https:\/\/uj.adatbank.ro\/lexikon\/wp-json\/wp\/v2\/comments?post=14520"}],"wp:attachment":[{"href":"https:\/\/uj.adatbank.ro\/lexikon\/wp-json\/wp\/v2\/media?parent=14520"}],"wp:term":[{"taxonomy":"product_brand","embeddable":true,"href":"https:\/\/uj.adatbank.ro\/lexikon\/wp-json\/wp\/v2\/product_brand?post=14520"},{"taxonomy":"product_cat","embeddable":true,"href":"https:\/\/uj.adatbank.ro\/lexikon\/wp-json\/wp\/v2\/product_cat?post=14520"},{"taxonomy":"product_tag","embeddable":true,"href":"https:\/\/uj.adatbank.ro\/lexikon\/wp-json\/wp\/v2\/product_tag?post=14520"}],"curies":[{"name":"wp","href":"https:\/\/api.w.org\/{rel}","templated":true}]}}