{"id":14522,"date":"2025-07-15T13:04:32","date_gmt":"2025-07-15T11:04:32","guid":{"rendered":"https:\/\/uj.adatbank.ro\/lexikon\/termek\/mandel-mor-mandl-mor-mandl-mauriciu-%c2%a7\/"},"modified":"2025-07-15T13:04:32","modified_gmt":"2025-07-15T11:04:32","slug":"mandel-mor-mandl-mor-mandl-mauriciu-%c2%a7","status":"publish","type":"product","link":"https:\/\/uj.adatbank.ro\/lexikon\/termek\/mandel-mor-mandl-mor-mandl-mauriciu-%c2%a7\/","title":{"rendered":"MANDEL M\u00f3r, Mandl M\u00f3r, Mandl Mauriciu, \u00a7"},"content":{"rendered":"<p>Medgyes, 1880., \u2020 ?: b\u00edr\u00f3, hitk\u00f6zs\u00e9gi eln\u00f6k. \u2013 \u00c9veken kereszt\u00fcl csat\u00e1zott Hirsch Jen\u0151vel az eln\u00f6ki sz\u00e9k\u00e9rt. A mv.-i zsid\u00f3 ortodox hitk\u00f6zs\u00e9g eln\u00f6ke (1924\u201340). Feles\u00e9ge az ortodox izraelita n\u0151sz\u00f6vets\u00e9g eln\u00f6ke (1920). <br \/><strong>Irod.:<\/strong> Id\u0151t\u00e1r 3; Mv. zsid\u00f3s\u00e1ga; Sebesty\u00e9n Mih\u00e1ly-Diamanstein Gy\u00f6rgy: Egy els\u00fclyedt vil\u00e1g \u00e9breszt\u00e9se =Eml\u00e9kk. Szab\u00f3 Mikl\u00f3s<\/br><\/p>\n","protected":false},"excerpt":{"rendered":"<p>Medgyes, 1880., \u2020 ?: b\u00edr\u00f3, hitk\u00f6zs\u00e9gi eln\u00f6k. \u2013 \u00c9veken kereszt\u00fcl csat\u00e1zott Hirsch Jen\u0151vel az eln\u00f6ki sz\u00e9k\u00e9rt. A mv.-i zsid\u00f3 ortodox hitk\u00f6zs\u00e9g eln\u00f6ke (1924\u201340). Feles\u00e9ge az ortodox izraelita n\u0151sz\u00f6vets\u00e9g eln\u00f6ke (1920). Irod.: Id\u0151t\u00e1r 3; Mv. zsid\u00f3s\u00e1ga; Sebesty\u00e9n Mih\u00e1ly-Diamanstein Gy\u00f6rgy: Egy els\u00fclyedt vil\u00e1g \u00e9breszt\u00e9se =Eml\u00e9kk. Szab\u00f3 Mikl\u00f3s<\/p>\n","protected":false},"featured_media":0,"comment_status":"open","ping_status":"closed","template":"","meta":[],"product_brand":[],"product_cat":[137],"product_tag":[],"class_list":{"0":"post-14522","1":"product","2":"type-product","3":"status-publish","5":"product_cat-maros-megyei-eletrajzi-lexikon","7":"first","8":"instock","9":"shipping-taxable","10":"product-type-simple"},"_links":{"self":[{"href":"https:\/\/uj.adatbank.ro\/lexikon\/wp-json\/wp\/v2\/product\/14522","targetHints":{"allow":["GET"]}}],"collection":[{"href":"https:\/\/uj.adatbank.ro\/lexikon\/wp-json\/wp\/v2\/product"}],"about":[{"href":"https:\/\/uj.adatbank.ro\/lexikon\/wp-json\/wp\/v2\/types\/product"}],"replies":[{"embeddable":true,"href":"https:\/\/uj.adatbank.ro\/lexikon\/wp-json\/wp\/v2\/comments?post=14522"}],"wp:attachment":[{"href":"https:\/\/uj.adatbank.ro\/lexikon\/wp-json\/wp\/v2\/media?parent=14522"}],"wp:term":[{"taxonomy":"product_brand","embeddable":true,"href":"https:\/\/uj.adatbank.ro\/lexikon\/wp-json\/wp\/v2\/product_brand?post=14522"},{"taxonomy":"product_cat","embeddable":true,"href":"https:\/\/uj.adatbank.ro\/lexikon\/wp-json\/wp\/v2\/product_cat?post=14522"},{"taxonomy":"product_tag","embeddable":true,"href":"https:\/\/uj.adatbank.ro\/lexikon\/wp-json\/wp\/v2\/product_tag?post=14522"}],"curies":[{"name":"wp","href":"https:\/\/api.w.org\/{rel}","templated":true}]}}