{"id":14528,"date":"2025-07-15T13:04:42","date_gmt":"2025-07-15T11:04:42","guid":{"rendered":"https:\/\/uj.adatbank.ro\/lexikon\/termek\/mandula-miklos\/"},"modified":"2025-07-15T13:04:42","modified_gmt":"2025-07-15T11:04:42","slug":"mandula-miklos","status":"publish","type":"product","link":"https:\/\/uj.adatbank.ro\/lexikon\/termek\/mandula-miklos\/","title":{"rendered":"MANDULA Mikl\u00f3s"},"content":{"rendered":"<p>? \u2020\u00a0? : sz\u0171cs. \u2013 Mv.-i sz\u0171csmester, a Bp.-i Orsz\u00e1gos \u00c1ltal\u00e1nos Ki\u00e1ll.-on j\u00f3 munk\u00e1\u00e9rt kapott ki\u00e1ll.-i nagy \u00e9rmet (1885). Ismert egy \u00e9rdem\u00e9rem, amelynek 62 mm \u00e1tm\u00e9r\u0151j\u0171 el\u0151lapj\u00e1n k\u00f6rfel\u00edrata: Orsz\u00e1gos \u00c1ltal\u00e1nos Ki\u00e1ll\u00edt\u00e1s Bp.-en, a h\u00e1tlapj\u00e1n: Mandula Mikl\u00f3snak Mv. <br \/><strong>Irod.:<\/strong> 1885 \u00e9vi ki\u00e1ll.; Keresztes Gyula: \u00c9rdem\u00e9rmek mv.-i iparosoknak (N\u00fa., Sz\u00ednes Vil\u00e1g, 2011. j\u00fal. 23.)<\/br><\/p>\n","protected":false},"excerpt":{"rendered":"<p>? \u2020\u00a0? : sz\u0171cs. \u2013 Mv.-i sz\u0171csmester, a Bp.-i Orsz\u00e1gos \u00c1ltal\u00e1nos Ki\u00e1ll.-on j\u00f3 munk\u00e1\u00e9rt kapott ki\u00e1ll.-i nagy \u00e9rmet (1885). Ismert egy \u00e9rdem\u00e9rem, amelynek 62 mm \u00e1tm\u00e9r\u0151j\u0171 el\u0151lapj\u00e1n k\u00f6rfel\u00edrata: Orsz\u00e1gos \u00c1ltal\u00e1nos Ki\u00e1ll\u00edt\u00e1s Bp.-en, a h\u00e1tlapj\u00e1n: Mandula Mikl\u00f3snak Mv. Irod.: 1885 \u00e9vi ki\u00e1ll.; Keresztes Gyula: \u00c9rdem\u00e9rmek mv.-i iparosoknak (N\u00fa., Sz\u00ednes Vil\u00e1g, 2011. j\u00fal. 23.)<\/p>\n","protected":false},"featured_media":0,"comment_status":"open","ping_status":"closed","template":"","meta":[],"product_brand":[],"product_cat":[137],"product_tag":[],"class_list":{"0":"post-14528","1":"product","2":"type-product","3":"status-publish","5":"product_cat-maros-megyei-eletrajzi-lexikon","7":"first","8":"instock","9":"shipping-taxable","10":"product-type-simple"},"_links":{"self":[{"href":"https:\/\/uj.adatbank.ro\/lexikon\/wp-json\/wp\/v2\/product\/14528","targetHints":{"allow":["GET"]}}],"collection":[{"href":"https:\/\/uj.adatbank.ro\/lexikon\/wp-json\/wp\/v2\/product"}],"about":[{"href":"https:\/\/uj.adatbank.ro\/lexikon\/wp-json\/wp\/v2\/types\/product"}],"replies":[{"embeddable":true,"href":"https:\/\/uj.adatbank.ro\/lexikon\/wp-json\/wp\/v2\/comments?post=14528"}],"wp:attachment":[{"href":"https:\/\/uj.adatbank.ro\/lexikon\/wp-json\/wp\/v2\/media?parent=14528"}],"wp:term":[{"taxonomy":"product_brand","embeddable":true,"href":"https:\/\/uj.adatbank.ro\/lexikon\/wp-json\/wp\/v2\/product_brand?post=14528"},{"taxonomy":"product_cat","embeddable":true,"href":"https:\/\/uj.adatbank.ro\/lexikon\/wp-json\/wp\/v2\/product_cat?post=14528"},{"taxonomy":"product_tag","embeddable":true,"href":"https:\/\/uj.adatbank.ro\/lexikon\/wp-json\/wp\/v2\/product_tag?post=14528"}],"curies":[{"name":"wp","href":"https:\/\/api.w.org\/{rel}","templated":true}]}}