{"id":14531,"date":"2025-07-15T13:04:48","date_gmt":"2025-07-15T11:04:48","guid":{"rendered":"https:\/\/uj.adatbank.ro\/lexikon\/termek\/manegutiu-nicolae\/"},"modified":"2025-07-15T13:04:48","modified_gmt":"2025-07-15T11:04:48","slug":"manegutiu-nicolae","status":"publish","type":"product","link":"https:\/\/uj.adatbank.ro\/lexikon\/termek\/manegutiu-nicolae\/","title":{"rendered":"MANEGU\u0162IU, Nicolae"},"content":{"rendered":"<p>Cs\u00facsmez\u0151, 1854., \u2020 Nagyszeben, 1924. nov. 24.: ortodox pap, k\u00f6z\u00edr\u00f3. \u2013 A csal\u00e1di hagyom\u00e1nyt k\u00f6vetve Nagyszebenben teol\u00f3gi\u00e1t v\u00e9gzett. Lelk\u00e9sz sz\u00fcl\u0151faluj\u00e1ban. Itt lett n\u00e9pe szellemi vezet\u0151je \u00e9s kezdett el \u00edrni. Mv.-en volt ortodox esperes, P. Trombi\u0163a\u015ft k\u00f6vette (1889\u20131902.).Tev\u00e9kenyen r\u00e9szt vett a rom\u00e1ns\u00e1g kultur\u00e1lis \u00e9let\u00e9ben mint az ASTRA tagja, a mv.-i szakoszt\u00e1ly igazgat\u00f3ja (1900). Maros megy\u00e9ben megalapozta az ASTRA k\u00f6nyvt\u00e1r\u00e1t, 11 k\u00f6nyvet adom\u00e1nyozva a t\u00e1rsas\u00e1gnak. Tagja a Rom\u00e1n Sz\u00ednh\u00e1zialap T\u00e1rsas\u00e1gnak, \u00e9s mint ilyen sikertelen\u00fcl szorgalmazta a mv.-i rom\u00e1n sz\u00ednh\u00e1z l\u00e9trehoz\u00e1s\u00e1t. Els\u0151 k\u00f6nyve a Reunirea rom\u00e2nilor a kl\u00e9rus \u00e9rtetlens\u00e9g\u00e9be \u00fctk\u00f6z\u00f6tt, a vita a bal\u00e1zsfalvi Unirea has\u00e1bjain folyt.A Telegraful Rom\u00e2nben \u00e9leshang\u00fa cikkekben b\u00edr\u00e1lta papt\u00e1rsait, a rom\u00e1ns\u00e1g vall\u00e1si megosztotts\u00e1g\u00e1t, emiatt egy id\u0151re felf\u00fcggesztett\u00e9k mv.-i esperesi \u00e1ll\u00e1s\u00e1b\u00f3l (1902). Ezt egy t\u00edz\u00e9vig tart\u00f3 per k\u00f6vette. Az els\u0151 vh.- alatt Rom\u00e1nia hadbal\u00e9p\u00e9s\u00e9t\u0151l v\u00e1rta a nemzet egyes\u00fcl\u00e9s\u00e9t. Resbelul salvator c m\u0171v\u00e9t a hat\u00f3s\u00e1gok betiltott\u00e1k. \u2013 <strong>F. m.:<\/strong> Reunirea rom\u00e2nilor din Transilvania \u015fi Ungaria (Sibiu, 1893< Alba Iulia, 2012); Un respuns cu \u00eenconjur (Sibiu, 1894); Almanahul Sf. Nicolae (Sibiu, 1902); Consumatum et resumatum (Sibiu, 1902); Resbelul salvator (Buc., 1916); Scrieri de folos \u015fi scrieri de clas\u0103 (manuscris); <strong>t\u00e1rssz.:<\/strong> Diaconovici, Corneliu: Enciclopedia rom\u00e2n\u0103 publicat\u0103 din \u00eens\u0103rcinarea \u015fi auspiciile Astra. (Sibiu, 1898).-<br \/><strong>Irod.:<\/strong> B\u0103ciu\u0163, Fodor Zeno; F\u00fcl\u00f6p\u2013Ferencz; Nicolae-\u015eincan, Gheorghe Nicolae: Biserica de piatr\u0103 \u201e\u00cen\u0103l\u0163area Domnului\u201d T\u00e2rgu-Mure\u015f (Vatra veche, nr. 11., 2009)<\/br><\/p>\n","protected":false},"excerpt":{"rendered":"<p>Cs\u00facsmez\u0151, 1854., \u2020 Nagyszeben, 1924. nov. 24.: ortodox pap, k\u00f6z\u00edr\u00f3. \u2013 A csal\u00e1di hagyom\u00e1nyt k\u00f6vetve Nagyszebenben teol\u00f3gi\u00e1t v\u00e9gzett. Lelk\u00e9sz sz\u00fcl\u0151faluj\u00e1ban. Itt lett n\u00e9pe szellemi vezet\u0151je \u00e9s kezdett el \u00edrni. Mv.-en volt ortodox esperes, P. Trombi\u0163a\u015ft k\u00f6vette (1889\u20131902.).Tev\u00e9kenyen r\u00e9szt vett a rom\u00e1ns\u00e1g kultur\u00e1lis \u00e9let\u00e9ben mint az ASTRA tagja, a mv.-i szakoszt\u00e1ly igazgat\u00f3ja (1900). Maros megy\u00e9ben megalapozta [&hellip;]<\/p>\n","protected":false},"featured_media":0,"comment_status":"open","ping_status":"closed","template":"","meta":[],"product_brand":[],"product_cat":[137],"product_tag":[],"class_list":{"0":"post-14531","1":"product","2":"type-product","3":"status-publish","5":"product_cat-maros-megyei-eletrajzi-lexikon","7":"first","8":"instock","9":"shipping-taxable","10":"product-type-simple"},"_links":{"self":[{"href":"https:\/\/uj.adatbank.ro\/lexikon\/wp-json\/wp\/v2\/product\/14531","targetHints":{"allow":["GET"]}}],"collection":[{"href":"https:\/\/uj.adatbank.ro\/lexikon\/wp-json\/wp\/v2\/product"}],"about":[{"href":"https:\/\/uj.adatbank.ro\/lexikon\/wp-json\/wp\/v2\/types\/product"}],"replies":[{"embeddable":true,"href":"https:\/\/uj.adatbank.ro\/lexikon\/wp-json\/wp\/v2\/comments?post=14531"}],"wp:attachment":[{"href":"https:\/\/uj.adatbank.ro\/lexikon\/wp-json\/wp\/v2\/media?parent=14531"}],"wp:term":[{"taxonomy":"product_brand","embeddable":true,"href":"https:\/\/uj.adatbank.ro\/lexikon\/wp-json\/wp\/v2\/product_brand?post=14531"},{"taxonomy":"product_cat","embeddable":true,"href":"https:\/\/uj.adatbank.ro\/lexikon\/wp-json\/wp\/v2\/product_cat?post=14531"},{"taxonomy":"product_tag","embeddable":true,"href":"https:\/\/uj.adatbank.ro\/lexikon\/wp-json\/wp\/v2\/product_tag?post=14531"}],"curies":[{"name":"wp","href":"https:\/\/api.w.org\/{rel}","templated":true}]}}