{"id":14534,"date":"2025-07-15T13:04:52","date_gmt":"2025-07-15T11:04:52","guid":{"rendered":"https:\/\/uj.adatbank.ro\/lexikon\/termek\/mangesius-jacobus\/"},"modified":"2025-07-15T13:04:52","modified_gmt":"2025-07-15T11:04:52","slug":"mangesius-jacobus","status":"publish","type":"product","link":"https:\/\/uj.adatbank.ro\/lexikon\/termek\/mangesius-jacobus\/","title":{"rendered":"MANGESIUS, Jacobus"},"content":{"rendered":"<p>Marosludas, ?, \u2020 Nagyselyk, 1787. nov. 26.: tan\u00e1r, pr\u00e9dik\u00e1tor. \u2013 J\u00e9n\u00e1ban tanult (1747). A medgyesi gimn\u00e1zium tan\u00e1ra, rektora (1757\u201363); Pap M\u00e1rtonhegyen; Nagyselyken (1779\u2013). <br \/><strong>Irod.:<\/strong> Szab\u00f3-Sz\u00f6gi<\/br><\/p>\n","protected":false},"excerpt":{"rendered":"<p>Marosludas, ?, \u2020 Nagyselyk, 1787. nov. 26.: tan\u00e1r, pr\u00e9dik\u00e1tor. \u2013 J\u00e9n\u00e1ban tanult (1747). A medgyesi gimn\u00e1zium tan\u00e1ra, rektora (1757\u201363); Pap M\u00e1rtonhegyen; Nagyselyken (1779\u2013). Irod.: Szab\u00f3-Sz\u00f6gi<\/p>\n","protected":false},"featured_media":0,"comment_status":"open","ping_status":"closed","template":"","meta":[],"product_brand":[],"product_cat":[137],"product_tag":[],"class_list":{"0":"post-14534","1":"product","2":"type-product","3":"status-publish","5":"product_cat-maros-megyei-eletrajzi-lexikon","7":"first","8":"instock","9":"shipping-taxable","10":"product-type-simple"},"_links":{"self":[{"href":"https:\/\/uj.adatbank.ro\/lexikon\/wp-json\/wp\/v2\/product\/14534","targetHints":{"allow":["GET"]}}],"collection":[{"href":"https:\/\/uj.adatbank.ro\/lexikon\/wp-json\/wp\/v2\/product"}],"about":[{"href":"https:\/\/uj.adatbank.ro\/lexikon\/wp-json\/wp\/v2\/types\/product"}],"replies":[{"embeddable":true,"href":"https:\/\/uj.adatbank.ro\/lexikon\/wp-json\/wp\/v2\/comments?post=14534"}],"wp:attachment":[{"href":"https:\/\/uj.adatbank.ro\/lexikon\/wp-json\/wp\/v2\/media?parent=14534"}],"wp:term":[{"taxonomy":"product_brand","embeddable":true,"href":"https:\/\/uj.adatbank.ro\/lexikon\/wp-json\/wp\/v2\/product_brand?post=14534"},{"taxonomy":"product_cat","embeddable":true,"href":"https:\/\/uj.adatbank.ro\/lexikon\/wp-json\/wp\/v2\/product_cat?post=14534"},{"taxonomy":"product_tag","embeddable":true,"href":"https:\/\/uj.adatbank.ro\/lexikon\/wp-json\/wp\/v2\/product_tag?post=14534"}],"curies":[{"name":"wp","href":"https:\/\/api.w.org\/{rel}","templated":true}]}}