{"id":14535,"date":"2025-07-15T13:04:54","date_gmt":"2025-07-15T11:04:54","guid":{"rendered":"https:\/\/uj.adatbank.ro\/lexikon\/termek\/maniat\/"},"modified":"2025-07-15T13:04:54","modified_gmt":"2025-07-15T11:04:54","slug":"maniat","status":"publish","type":"product","link":"https:\/\/uj.adatbank.ro\/lexikon\/termek\/maniat\/","title":{"rendered":"MANIAT (?)"},"content":{"rendered":"<p>? \u2020\u00a0?: szerzetes. \u2013 A kolostori templomot \u00e9p\u00edtette Nyom\u00e1ton, a vid\u00e9k legr\u00e9gebbi temploma, ma az unit\u00e1riusok sz\u00e9khelye. Orb\u00e1n Bal\u00e1zs is foglalkozott vele. <br \/><strong>Irod.:<\/strong> \u015eincan 2006<\/br><\/p>\n","protected":false},"excerpt":{"rendered":"<p>? \u2020\u00a0?: szerzetes. \u2013 A kolostori templomot \u00e9p\u00edtette Nyom\u00e1ton, a vid\u00e9k legr\u00e9gebbi temploma, ma az unit\u00e1riusok sz\u00e9khelye. Orb\u00e1n Bal\u00e1zs is foglalkozott vele. Irod.: \u015eincan 2006<\/p>\n","protected":false},"featured_media":0,"comment_status":"open","ping_status":"closed","template":"","meta":[],"product_brand":[],"product_cat":[137],"product_tag":[],"class_list":{"0":"post-14535","1":"product","2":"type-product","3":"status-publish","5":"product_cat-maros-megyei-eletrajzi-lexikon","7":"first","8":"instock","9":"shipping-taxable","10":"product-type-simple"},"_links":{"self":[{"href":"https:\/\/uj.adatbank.ro\/lexikon\/wp-json\/wp\/v2\/product\/14535","targetHints":{"allow":["GET"]}}],"collection":[{"href":"https:\/\/uj.adatbank.ro\/lexikon\/wp-json\/wp\/v2\/product"}],"about":[{"href":"https:\/\/uj.adatbank.ro\/lexikon\/wp-json\/wp\/v2\/types\/product"}],"replies":[{"embeddable":true,"href":"https:\/\/uj.adatbank.ro\/lexikon\/wp-json\/wp\/v2\/comments?post=14535"}],"wp:attachment":[{"href":"https:\/\/uj.adatbank.ro\/lexikon\/wp-json\/wp\/v2\/media?parent=14535"}],"wp:term":[{"taxonomy":"product_brand","embeddable":true,"href":"https:\/\/uj.adatbank.ro\/lexikon\/wp-json\/wp\/v2\/product_brand?post=14535"},{"taxonomy":"product_cat","embeddable":true,"href":"https:\/\/uj.adatbank.ro\/lexikon\/wp-json\/wp\/v2\/product_cat?post=14535"},{"taxonomy":"product_tag","embeddable":true,"href":"https:\/\/uj.adatbank.ro\/lexikon\/wp-json\/wp\/v2\/product_tag?post=14535"}],"curies":[{"name":"wp","href":"https:\/\/api.w.org\/{rel}","templated":true}]}}