{"id":14536,"date":"2025-07-15T13:04:56","date_gmt":"2025-07-15T11:04:56","guid":{"rendered":"https:\/\/uj.adatbank.ro\/lexikon\/termek\/maniu-iosif\/"},"modified":"2025-07-15T13:04:56","modified_gmt":"2025-07-15T11:04:56","slug":"maniu-iosif","status":"publish","type":"product","link":"https:\/\/uj.adatbank.ro\/lexikon\/termek\/maniu-iosif\/","title":{"rendered":"MANIU, Iosif"},"content":{"rendered":"<p>? \u2020\u00a0? : mez\u0151szak\u00e1lli gy\u0171jt\u0151. <br \/><strong>Irod.:<\/strong> Netea, Vasile\u00a0: Mur\u0103\u015f. Mur\u0103\u015f, ap\u0103 lin\u0103 (Reghin, 1936)<\/br><\/p>\n","protected":false},"excerpt":{"rendered":"<p>? \u2020\u00a0? : mez\u0151szak\u00e1lli gy\u0171jt\u0151. Irod.: Netea, Vasile\u00a0: Mur\u0103\u015f. Mur\u0103\u015f, ap\u0103 lin\u0103 (Reghin, 1936)<\/p>\n","protected":false},"featured_media":0,"comment_status":"open","ping_status":"closed","template":"","meta":[],"product_brand":[],"product_cat":[137],"product_tag":[],"class_list":{"0":"post-14536","1":"product","2":"type-product","3":"status-publish","5":"product_cat-maros-megyei-eletrajzi-lexikon","7":"first","8":"instock","9":"shipping-taxable","10":"product-type-simple"},"_links":{"self":[{"href":"https:\/\/uj.adatbank.ro\/lexikon\/wp-json\/wp\/v2\/product\/14536","targetHints":{"allow":["GET"]}}],"collection":[{"href":"https:\/\/uj.adatbank.ro\/lexikon\/wp-json\/wp\/v2\/product"}],"about":[{"href":"https:\/\/uj.adatbank.ro\/lexikon\/wp-json\/wp\/v2\/types\/product"}],"replies":[{"embeddable":true,"href":"https:\/\/uj.adatbank.ro\/lexikon\/wp-json\/wp\/v2\/comments?post=14536"}],"wp:attachment":[{"href":"https:\/\/uj.adatbank.ro\/lexikon\/wp-json\/wp\/v2\/media?parent=14536"}],"wp:term":[{"taxonomy":"product_brand","embeddable":true,"href":"https:\/\/uj.adatbank.ro\/lexikon\/wp-json\/wp\/v2\/product_brand?post=14536"},{"taxonomy":"product_cat","embeddable":true,"href":"https:\/\/uj.adatbank.ro\/lexikon\/wp-json\/wp\/v2\/product_cat?post=14536"},{"taxonomy":"product_tag","embeddable":true,"href":"https:\/\/uj.adatbank.ro\/lexikon\/wp-json\/wp\/v2\/product_tag?post=14536"}],"curies":[{"name":"wp","href":"https:\/\/api.w.org\/{rel}","templated":true}]}}