{"id":14539,"date":"2025-07-15T13:05:00","date_gmt":"2025-07-15T11:05:00","guid":{"rendered":"https:\/\/uj.adatbank.ro\/lexikon\/termek\/mann-salamon-%c2%a7\/"},"modified":"2025-07-15T13:05:00","modified_gmt":"2025-07-15T11:05:00","slug":"mann-salamon-%c2%a7","status":"publish","type":"product","link":"https:\/\/uj.adatbank.ro\/lexikon\/termek\/mann-salamon-%c2%a7\/","title":{"rendered":"MANN Salamon, \u00a7"},"content":{"rendered":"<p>? \u2020\u00a0?: b\u00e1dogos. \u2013 B\u00e1tyja: M. Hermann, h\u0151si hal\u00e1lt halt (\u20201917). \u2013 Mv.-en volt b\u00e1dogos. Az I. vh.-ban \u00f6nk\u00e9ntesk\u00e9nt vonult be a 32. h. gy. e. (1914. okt.\u201318. nov.). G\u00e9ppusk\u00e1s volt az orosz harct\u00e9ren. Megsebes\u00fclt, k\u00e9t \u00e9vet volt hadifogs\u00e1gban. <strong>Kit\u00fcntet\u00e9sei:<\/strong> O 2 , Ob, K\u00e1roly cs. k. ig. a. <br \/><strong>Irod.:<\/strong> M. hadviselt zsid\u00f3k<\/br><\/p>\n","protected":false},"excerpt":{"rendered":"<p>? \u2020\u00a0?: b\u00e1dogos. \u2013 B\u00e1tyja: M. Hermann, h\u0151si hal\u00e1lt halt (\u20201917). \u2013 Mv.-en volt b\u00e1dogos. Az I. vh.-ban \u00f6nk\u00e9ntesk\u00e9nt vonult be a 32. h. gy. e. (1914. okt.\u201318. nov.). G\u00e9ppusk\u00e1s volt az orosz harct\u00e9ren. Megsebes\u00fclt, k\u00e9t \u00e9vet volt hadifogs\u00e1gban. Kit\u00fcntet\u00e9sei: O 2 , Ob, K\u00e1roly cs. k. ig. a. Irod.: M. hadviselt zsid\u00f3k<\/p>\n","protected":false},"featured_media":0,"comment_status":"open","ping_status":"closed","template":"","meta":[],"product_brand":[],"product_cat":[137],"product_tag":[],"class_list":{"0":"post-14539","1":"product","2":"type-product","3":"status-publish","5":"product_cat-maros-megyei-eletrajzi-lexikon","7":"first","8":"instock","9":"shipping-taxable","10":"product-type-simple"},"_links":{"self":[{"href":"https:\/\/uj.adatbank.ro\/lexikon\/wp-json\/wp\/v2\/product\/14539","targetHints":{"allow":["GET"]}}],"collection":[{"href":"https:\/\/uj.adatbank.ro\/lexikon\/wp-json\/wp\/v2\/product"}],"about":[{"href":"https:\/\/uj.adatbank.ro\/lexikon\/wp-json\/wp\/v2\/types\/product"}],"replies":[{"embeddable":true,"href":"https:\/\/uj.adatbank.ro\/lexikon\/wp-json\/wp\/v2\/comments?post=14539"}],"wp:attachment":[{"href":"https:\/\/uj.adatbank.ro\/lexikon\/wp-json\/wp\/v2\/media?parent=14539"}],"wp:term":[{"taxonomy":"product_brand","embeddable":true,"href":"https:\/\/uj.adatbank.ro\/lexikon\/wp-json\/wp\/v2\/product_brand?post=14539"},{"taxonomy":"product_cat","embeddable":true,"href":"https:\/\/uj.adatbank.ro\/lexikon\/wp-json\/wp\/v2\/product_cat?post=14539"},{"taxonomy":"product_tag","embeddable":true,"href":"https:\/\/uj.adatbank.ro\/lexikon\/wp-json\/wp\/v2\/product_tag?post=14539"}],"curies":[{"name":"wp","href":"https:\/\/api.w.org\/{rel}","templated":true}]}}