{"id":14541,"date":"2025-07-15T13:05:05","date_gmt":"2025-07-15T11:05:05","guid":{"rendered":"https:\/\/uj.adatbank.ro\/lexikon\/termek\/mann-stephanus-ifj\/"},"modified":"2025-07-15T13:05:05","modified_gmt":"2025-07-15T11:05:05","slug":"mann-stephanus-ifj","status":"publish","type":"product","link":"https:\/\/uj.adatbank.ro\/lexikon\/termek\/mann-stephanus-ifj\/","title":{"rendered":"MANN, Stephanus, ifj."},"content":{"rendered":"<p>\u2020\u00a0?: szab\u00f3mester. \u2013 Segesv\u00e1ri polg\u00e1r, szab\u00f3mester, sz\u00e9kb\u00edr\u00f3 (1644\u201345), kir\u00e1lyb\u00edr\u00f3 (1650\u201353), polg\u00e1rmester (1647\u2013), a sz\u00e1szok k\u00f6vetek\u00e9nt a Port\u00e1n j\u00e1rt (1652). <br \/><strong>Irod.:<\/strong> Kraus: Erd\u00e9lyi kr\u00f3nika<\/br><\/p>\n","protected":false},"excerpt":{"rendered":"<p>\u2020\u00a0?: szab\u00f3mester. \u2013 Segesv\u00e1ri polg\u00e1r, szab\u00f3mester, sz\u00e9kb\u00edr\u00f3 (1644\u201345), kir\u00e1lyb\u00edr\u00f3 (1650\u201353), polg\u00e1rmester (1647\u2013), a sz\u00e1szok k\u00f6vetek\u00e9nt a Port\u00e1n j\u00e1rt (1652). Irod.: Kraus: Erd\u00e9lyi kr\u00f3nika<\/p>\n","protected":false},"featured_media":0,"comment_status":"open","ping_status":"closed","template":"","meta":[],"product_brand":[],"product_cat":[137],"product_tag":[],"class_list":{"0":"post-14541","1":"product","2":"type-product","3":"status-publish","5":"product_cat-maros-megyei-eletrajzi-lexikon","7":"first","8":"instock","9":"shipping-taxable","10":"product-type-simple"},"_links":{"self":[{"href":"https:\/\/uj.adatbank.ro\/lexikon\/wp-json\/wp\/v2\/product\/14541","targetHints":{"allow":["GET"]}}],"collection":[{"href":"https:\/\/uj.adatbank.ro\/lexikon\/wp-json\/wp\/v2\/product"}],"about":[{"href":"https:\/\/uj.adatbank.ro\/lexikon\/wp-json\/wp\/v2\/types\/product"}],"replies":[{"embeddable":true,"href":"https:\/\/uj.adatbank.ro\/lexikon\/wp-json\/wp\/v2\/comments?post=14541"}],"wp:attachment":[{"href":"https:\/\/uj.adatbank.ro\/lexikon\/wp-json\/wp\/v2\/media?parent=14541"}],"wp:term":[{"taxonomy":"product_brand","embeddable":true,"href":"https:\/\/uj.adatbank.ro\/lexikon\/wp-json\/wp\/v2\/product_brand?post=14541"},{"taxonomy":"product_cat","embeddable":true,"href":"https:\/\/uj.adatbank.ro\/lexikon\/wp-json\/wp\/v2\/product_cat?post=14541"},{"taxonomy":"product_tag","embeddable":true,"href":"https:\/\/uj.adatbank.ro\/lexikon\/wp-json\/wp\/v2\/product_tag?post=14541"}],"curies":[{"name":"wp","href":"https:\/\/api.w.org\/{rel}","templated":true}]}}