{"id":14542,"date":"2025-07-15T13:05:07","date_gmt":"2025-07-15T11:05:07","guid":{"rendered":"https:\/\/uj.adatbank.ro\/lexikon\/termek\/manner-sophia\/"},"modified":"2025-07-15T13:05:07","modified_gmt":"2025-07-15T11:05:07","slug":"manner-sophia","status":"publish","type":"product","link":"https:\/\/uj.adatbank.ro\/lexikon\/termek\/manner-sophia\/","title":{"rendered":"MANNER Sophia"},"content":{"rendered":"<p>Mv., 1804.?, \u2020\u00a0?: sz\u00fcl\u00e9sz. \u2013 \u00d6zvegyasszony. \u2013 36 \u00e9ves kor\u00e1ban Pesten sz\u00fcl\u00e9sz egyetemi hallgat\u00f3 (1840\u201341). <br \/><strong>Irod.:<\/strong> Szab\u00f3 Mikl\u00f3s 2005<\/br><\/p>\n","protected":false},"excerpt":{"rendered":"<p>Mv., 1804.?, \u2020\u00a0?: sz\u00fcl\u00e9sz. \u2013 \u00d6zvegyasszony. \u2013 36 \u00e9ves kor\u00e1ban Pesten sz\u00fcl\u00e9sz egyetemi hallgat\u00f3 (1840\u201341). Irod.: Szab\u00f3 Mikl\u00f3s 2005<\/p>\n","protected":false},"featured_media":0,"comment_status":"open","ping_status":"closed","template":"","meta":[],"product_brand":[],"product_cat":[137],"product_tag":[],"class_list":{"0":"post-14542","1":"product","2":"type-product","3":"status-publish","5":"product_cat-maros-megyei-eletrajzi-lexikon","7":"first","8":"instock","9":"shipping-taxable","10":"product-type-simple"},"_links":{"self":[{"href":"https:\/\/uj.adatbank.ro\/lexikon\/wp-json\/wp\/v2\/product\/14542","targetHints":{"allow":["GET"]}}],"collection":[{"href":"https:\/\/uj.adatbank.ro\/lexikon\/wp-json\/wp\/v2\/product"}],"about":[{"href":"https:\/\/uj.adatbank.ro\/lexikon\/wp-json\/wp\/v2\/types\/product"}],"replies":[{"embeddable":true,"href":"https:\/\/uj.adatbank.ro\/lexikon\/wp-json\/wp\/v2\/comments?post=14542"}],"wp:attachment":[{"href":"https:\/\/uj.adatbank.ro\/lexikon\/wp-json\/wp\/v2\/media?parent=14542"}],"wp:term":[{"taxonomy":"product_brand","embeddable":true,"href":"https:\/\/uj.adatbank.ro\/lexikon\/wp-json\/wp\/v2\/product_brand?post=14542"},{"taxonomy":"product_cat","embeddable":true,"href":"https:\/\/uj.adatbank.ro\/lexikon\/wp-json\/wp\/v2\/product_cat?post=14542"},{"taxonomy":"product_tag","embeddable":true,"href":"https:\/\/uj.adatbank.ro\/lexikon\/wp-json\/wp\/v2\/product_tag?post=14542"}],"curies":[{"name":"wp","href":"https:\/\/api.w.org\/{rel}","templated":true}]}}