{"id":14546,"date":"2025-07-15T13:05:17","date_gmt":"2025-07-15T11:05:17","guid":{"rendered":"https:\/\/uj.adatbank.ro\/lexikon\/termek\/manole-mihai\/"},"modified":"2025-07-15T13:05:17","modified_gmt":"2025-07-15T11:05:17","slug":"manole-mihai","status":"publish","type":"product","link":"https:\/\/uj.adatbank.ro\/lexikon\/termek\/manole-mihai\/","title":{"rendered":"MANOLE, Mihai"},"content":{"rendered":"<p>Bivolari, (Iasi), 1910. okt. 2 \u2020 ? : katonatiszt, \u00fczletvezet\u0151. \u2013 Mv.-en \u00fczletvezet\u0151 volt A Faliboga \u2013f\u00e9le \u00f6sszeesk\u00fcv\u00e9s IV. csoportj\u00e1nak tagja. R\u00e9szt vett a Jenica vezette Katonai Bizotts\u00e1g alakul\u00f3 \u00fcl\u00e9s\u00e9n (1956. nov. 1), feladata tagok szervez\u00e9se volt <br \/><strong>Irod.:<\/strong> \u00c1ldozatok<\/br><\/p>\n","protected":false},"excerpt":{"rendered":"<p>Bivolari, (Iasi), 1910. okt. 2 \u2020 ? : katonatiszt, \u00fczletvezet\u0151. \u2013 Mv.-en \u00fczletvezet\u0151 volt A Faliboga \u2013f\u00e9le \u00f6sszeesk\u00fcv\u00e9s IV. csoportj\u00e1nak tagja. R\u00e9szt vett a Jenica vezette Katonai Bizotts\u00e1g alakul\u00f3 \u00fcl\u00e9s\u00e9n (1956. nov. 1), feladata tagok szervez\u00e9se volt Irod.: \u00c1ldozatok<\/p>\n","protected":false},"featured_media":0,"comment_status":"open","ping_status":"closed","template":"","meta":[],"product_brand":[],"product_cat":[137],"product_tag":[],"class_list":{"0":"post-14546","1":"product","2":"type-product","3":"status-publish","5":"product_cat-maros-megyei-eletrajzi-lexikon","7":"first","8":"instock","9":"shipping-taxable","10":"product-type-simple"},"_links":{"self":[{"href":"https:\/\/uj.adatbank.ro\/lexikon\/wp-json\/wp\/v2\/product\/14546","targetHints":{"allow":["GET"]}}],"collection":[{"href":"https:\/\/uj.adatbank.ro\/lexikon\/wp-json\/wp\/v2\/product"}],"about":[{"href":"https:\/\/uj.adatbank.ro\/lexikon\/wp-json\/wp\/v2\/types\/product"}],"replies":[{"embeddable":true,"href":"https:\/\/uj.adatbank.ro\/lexikon\/wp-json\/wp\/v2\/comments?post=14546"}],"wp:attachment":[{"href":"https:\/\/uj.adatbank.ro\/lexikon\/wp-json\/wp\/v2\/media?parent=14546"}],"wp:term":[{"taxonomy":"product_brand","embeddable":true,"href":"https:\/\/uj.adatbank.ro\/lexikon\/wp-json\/wp\/v2\/product_brand?post=14546"},{"taxonomy":"product_cat","embeddable":true,"href":"https:\/\/uj.adatbank.ro\/lexikon\/wp-json\/wp\/v2\/product_cat?post=14546"},{"taxonomy":"product_tag","embeddable":true,"href":"https:\/\/uj.adatbank.ro\/lexikon\/wp-json\/wp\/v2\/product_tag?post=14546"}],"curies":[{"name":"wp","href":"https:\/\/api.w.org\/{rel}","templated":true}]}}