{"id":14547,"date":"2025-07-15T13:05:18","date_gmt":"2025-07-15T11:05:18","guid":{"rendered":"https:\/\/uj.adatbank.ro\/lexikon\/termek\/manta-miklos-manta-nicolae\/"},"modified":"2025-07-15T13:05:18","modified_gmt":"2025-07-15T11:05:18","slug":"manta-miklos-manta-nicolae","status":"publish","type":"product","link":"https:\/\/uj.adatbank.ro\/lexikon\/termek\/manta-miklos-manta-nicolae\/","title":{"rendered":"MANTA Mikl\u00f3s, Manta, Nicolae"},"content":{"rendered":"<p>Segesv\u00e1r, 1886. j\u00fal. 31., \u2020\u00a0?: gy\u00f3gyszer\u00e9sz. \u2013 Sz\u00e9kelyudvarhelyen tanult a Ref. Gimn.-ban, Kv.-on a FJTE, gy\u00f3gyszer\u00e9sz kar\u00e1n (1909\u201311). A T\u00e2rnevean\u0103 Institut de Credit \u015fi Economii S.A. igazgat\u00f3tan\u00e1cs\u00e1nak a tagja volt. <br \/><strong>Irod.:<\/strong> Pan\u0103\u00ad; Sigmirean<\/br><\/p>\n","protected":false},"excerpt":{"rendered":"<p>Segesv\u00e1r, 1886. j\u00fal. 31., \u2020\u00a0?: gy\u00f3gyszer\u00e9sz. \u2013 Sz\u00e9kelyudvarhelyen tanult a Ref. Gimn.-ban, Kv.-on a FJTE, gy\u00f3gyszer\u00e9sz kar\u00e1n (1909\u201311). A T\u00e2rnevean\u0103 Institut de Credit \u015fi Economii S.A. igazgat\u00f3tan\u00e1cs\u00e1nak a tagja volt. Irod.: Pan\u0103\u00ad; Sigmirean<\/p>\n","protected":false},"featured_media":0,"comment_status":"open","ping_status":"closed","template":"","meta":[],"product_brand":[],"product_cat":[137],"product_tag":[],"class_list":{"0":"post-14547","1":"product","2":"type-product","3":"status-publish","5":"product_cat-maros-megyei-eletrajzi-lexikon","7":"first","8":"instock","9":"shipping-taxable","10":"product-type-simple"},"_links":{"self":[{"href":"https:\/\/uj.adatbank.ro\/lexikon\/wp-json\/wp\/v2\/product\/14547","targetHints":{"allow":["GET"]}}],"collection":[{"href":"https:\/\/uj.adatbank.ro\/lexikon\/wp-json\/wp\/v2\/product"}],"about":[{"href":"https:\/\/uj.adatbank.ro\/lexikon\/wp-json\/wp\/v2\/types\/product"}],"replies":[{"embeddable":true,"href":"https:\/\/uj.adatbank.ro\/lexikon\/wp-json\/wp\/v2\/comments?post=14547"}],"wp:attachment":[{"href":"https:\/\/uj.adatbank.ro\/lexikon\/wp-json\/wp\/v2\/media?parent=14547"}],"wp:term":[{"taxonomy":"product_brand","embeddable":true,"href":"https:\/\/uj.adatbank.ro\/lexikon\/wp-json\/wp\/v2\/product_brand?post=14547"},{"taxonomy":"product_cat","embeddable":true,"href":"https:\/\/uj.adatbank.ro\/lexikon\/wp-json\/wp\/v2\/product_cat?post=14547"},{"taxonomy":"product_tag","embeddable":true,"href":"https:\/\/uj.adatbank.ro\/lexikon\/wp-json\/wp\/v2\/product_tag?post=14547"}],"curies":[{"name":"wp","href":"https:\/\/api.w.org\/{rel}","templated":true}]}}