{"id":14548,"date":"2025-07-15T13:05:19","date_gmt":"2025-07-15T11:05:19","guid":{"rendered":"https:\/\/uj.adatbank.ro\/lexikon\/termek\/mantz-janos-mancz-janos\/"},"modified":"2025-07-15T13:05:19","modified_gmt":"2025-07-15T11:05:19","slug":"mantz-janos-mancz-janos","status":"publish","type":"product","link":"https:\/\/uj.adatbank.ro\/lexikon\/termek\/mantz-janos-mancz-janos\/","title":{"rendered":"M\u00c1NTZ J\u00e1nos; M\u00e1ncz J\u00e1nos"},"content":{"rendered":"<p>? \u2020\u00a0?: sz\u00e1szr\u00e9geni tan\u00e1r. \u2013 Mint pedag\u00f3gus felismerte, hogy a tehets\u00e9geket seg\u00edteni kell. Sz\u00e1szr\u00e9genben Darvas Ign\u00e1c, volt tisztelt tan\u00e1ra eml\u00e9k\u00e9re, l\u00e9trehozta a M\u00e1ncz J\u00e1nos alap\u00edtv\u00e1nyt. <br \/><strong>Irod.:<\/strong> F\u00e1bi\u00e1n Andr\u00e1s\u00a0: Kiosztott\u00e1k a M\u00e1ncz J\u00e1nos Alap\u00edtv\u00e1ny d\u00edjait (V\u00e1s\u00e1rhelyi H\u00edrlap, 2010. j\u00fal. 16.); H\u00e1bor\u00fas nevel\u00e9s (Mv., 1943)<\/br><\/p>\n","protected":false},"excerpt":{"rendered":"<p>? \u2020\u00a0?: sz\u00e1szr\u00e9geni tan\u00e1r. \u2013 Mint pedag\u00f3gus felismerte, hogy a tehets\u00e9geket seg\u00edteni kell. Sz\u00e1szr\u00e9genben Darvas Ign\u00e1c, volt tisztelt tan\u00e1ra eml\u00e9k\u00e9re, l\u00e9trehozta a M\u00e1ncz J\u00e1nos alap\u00edtv\u00e1nyt. Irod.: F\u00e1bi\u00e1n Andr\u00e1s\u00a0: Kiosztott\u00e1k a M\u00e1ncz J\u00e1nos Alap\u00edtv\u00e1ny d\u00edjait (V\u00e1s\u00e1rhelyi H\u00edrlap, 2010. j\u00fal. 16.); H\u00e1bor\u00fas nevel\u00e9s (Mv., 1943)<\/p>\n","protected":false},"featured_media":0,"comment_status":"open","ping_status":"closed","template":"","meta":[],"product_brand":[],"product_cat":[137],"product_tag":[],"class_list":{"0":"post-14548","1":"product","2":"type-product","3":"status-publish","5":"product_cat-maros-megyei-eletrajzi-lexikon","7":"first","8":"instock","9":"shipping-taxable","10":"product-type-simple"},"_links":{"self":[{"href":"https:\/\/uj.adatbank.ro\/lexikon\/wp-json\/wp\/v2\/product\/14548","targetHints":{"allow":["GET"]}}],"collection":[{"href":"https:\/\/uj.adatbank.ro\/lexikon\/wp-json\/wp\/v2\/product"}],"about":[{"href":"https:\/\/uj.adatbank.ro\/lexikon\/wp-json\/wp\/v2\/types\/product"}],"replies":[{"embeddable":true,"href":"https:\/\/uj.adatbank.ro\/lexikon\/wp-json\/wp\/v2\/comments?post=14548"}],"wp:attachment":[{"href":"https:\/\/uj.adatbank.ro\/lexikon\/wp-json\/wp\/v2\/media?parent=14548"}],"wp:term":[{"taxonomy":"product_brand","embeddable":true,"href":"https:\/\/uj.adatbank.ro\/lexikon\/wp-json\/wp\/v2\/product_brand?post=14548"},{"taxonomy":"product_cat","embeddable":true,"href":"https:\/\/uj.adatbank.ro\/lexikon\/wp-json\/wp\/v2\/product_cat?post=14548"},{"taxonomy":"product_tag","embeddable":true,"href":"https:\/\/uj.adatbank.ro\/lexikon\/wp-json\/wp\/v2\/product_tag?post=14548"}],"curies":[{"name":"wp","href":"https:\/\/api.w.org\/{rel}","templated":true}]}}