{"id":14550,"date":"2025-07-15T13:05:25","date_gmt":"2025-07-15T11:05:25","guid":{"rendered":"https:\/\/uj.adatbank.ro\/lexikon\/termek\/manu-valentin-man\/"},"modified":"2025-07-15T13:05:25","modified_gmt":"2025-07-15T11:05:25","slug":"manu-valentin-man","status":"publish","type":"product","link":"https:\/\/uj.adatbank.ro\/lexikon\/termek\/manu-valentin-man\/","title":{"rendered":"MANU, Valentin, Man"},"content":{"rendered":"<p>? \u2020\u00a0?: megyei tiszti orvos, k\u00e9pvisel\u0151, polg\u00e1rmester. \u2013 Mv. tiszti orvosa (1930\u2013), k\u00e9pvisel\u0151 jel\u0151lt a Vaida-f\u00e9le parasztp\u00e1rt r\u00e9sz\u00e9r\u0151l (1937). Kinevezett polg\u00e1rmester (1937), a Maros tartom\u00e1nyi N\u00daF egyik titk\u00e1ra (1939). <br \/><strong>Irod.:<\/strong> Id\u0151t\u00e1r 3<\/br><\/p>\n","protected":false},"excerpt":{"rendered":"<p>? \u2020\u00a0?: megyei tiszti orvos, k\u00e9pvisel\u0151, polg\u00e1rmester. \u2013 Mv. tiszti orvosa (1930\u2013), k\u00e9pvisel\u0151 jel\u0151lt a Vaida-f\u00e9le parasztp\u00e1rt r\u00e9sz\u00e9r\u0151l (1937). Kinevezett polg\u00e1rmester (1937), a Maros tartom\u00e1nyi N\u00daF egyik titk\u00e1ra (1939). Irod.: Id\u0151t\u00e1r 3<\/p>\n","protected":false},"featured_media":0,"comment_status":"open","ping_status":"closed","template":"","meta":[],"product_brand":[],"product_cat":[137],"product_tag":[],"class_list":{"0":"post-14550","1":"product","2":"type-product","3":"status-publish","5":"product_cat-maros-megyei-eletrajzi-lexikon","7":"first","8":"instock","9":"shipping-taxable","10":"product-type-simple"},"_links":{"self":[{"href":"https:\/\/uj.adatbank.ro\/lexikon\/wp-json\/wp\/v2\/product\/14550","targetHints":{"allow":["GET"]}}],"collection":[{"href":"https:\/\/uj.adatbank.ro\/lexikon\/wp-json\/wp\/v2\/product"}],"about":[{"href":"https:\/\/uj.adatbank.ro\/lexikon\/wp-json\/wp\/v2\/types\/product"}],"replies":[{"embeddable":true,"href":"https:\/\/uj.adatbank.ro\/lexikon\/wp-json\/wp\/v2\/comments?post=14550"}],"wp:attachment":[{"href":"https:\/\/uj.adatbank.ro\/lexikon\/wp-json\/wp\/v2\/media?parent=14550"}],"wp:term":[{"taxonomy":"product_brand","embeddable":true,"href":"https:\/\/uj.adatbank.ro\/lexikon\/wp-json\/wp\/v2\/product_brand?post=14550"},{"taxonomy":"product_cat","embeddable":true,"href":"https:\/\/uj.adatbank.ro\/lexikon\/wp-json\/wp\/v2\/product_cat?post=14550"},{"taxonomy":"product_tag","embeddable":true,"href":"https:\/\/uj.adatbank.ro\/lexikon\/wp-json\/wp\/v2\/product_tag?post=14550"}],"curies":[{"name":"wp","href":"https:\/\/api.w.org\/{rel}","templated":true}]}}