{"id":14557,"date":"2025-07-15T13:05:39","date_gmt":"2025-07-15T11:05:39","guid":{"rendered":"https:\/\/uj.adatbank.ro\/lexikon\/termek\/mara-jozsef-mara-iosif\/"},"modified":"2025-07-15T13:05:39","modified_gmt":"2025-07-15T11:05:39","slug":"mara-jozsef-mara-iosif","status":"publish","type":"product","link":"https:\/\/uj.adatbank.ro\/lexikon\/termek\/mara-jozsef-mara-iosif\/","title":{"rendered":"MARA J\u00f3zsef, Mara, Iosif"},"content":{"rendered":"<p>? \u2020\u00a0?: gy\u00e1ros. \u2013 Feketeb\u0151r-t\u00edm\u00e1rm\u0171helye volt Sz\u00e1szr\u00e9genben (1909\u2013), ez b\u0151rgy\u00e1rr\u00e1 alakult, m\u0171k\u00f6d\u00f6tt (1926-ban is), vezet\u0151je fia, M. Dezs\u0151 lett (1935\u2013). <br \/><strong>Irod.:<\/strong> B\u00edr\u00f3 Don\u00e1t; Pan\u0103<\/br><\/p>\n","protected":false},"excerpt":{"rendered":"<p>? \u2020\u00a0?: gy\u00e1ros. \u2013 Feketeb\u0151r-t\u00edm\u00e1rm\u0171helye volt Sz\u00e1szr\u00e9genben (1909\u2013), ez b\u0151rgy\u00e1rr\u00e1 alakult, m\u0171k\u00f6d\u00f6tt (1926-ban is), vezet\u0151je fia, M. Dezs\u0151 lett (1935\u2013). Irod.: B\u00edr\u00f3 Don\u00e1t; Pan\u0103<\/p>\n","protected":false},"featured_media":0,"comment_status":"open","ping_status":"closed","template":"","meta":[],"product_brand":[],"product_cat":[137],"product_tag":[],"class_list":{"0":"post-14557","1":"product","2":"type-product","3":"status-publish","5":"product_cat-maros-megyei-eletrajzi-lexikon","7":"first","8":"instock","9":"shipping-taxable","10":"product-type-simple"},"_links":{"self":[{"href":"https:\/\/uj.adatbank.ro\/lexikon\/wp-json\/wp\/v2\/product\/14557","targetHints":{"allow":["GET"]}}],"collection":[{"href":"https:\/\/uj.adatbank.ro\/lexikon\/wp-json\/wp\/v2\/product"}],"about":[{"href":"https:\/\/uj.adatbank.ro\/lexikon\/wp-json\/wp\/v2\/types\/product"}],"replies":[{"embeddable":true,"href":"https:\/\/uj.adatbank.ro\/lexikon\/wp-json\/wp\/v2\/comments?post=14557"}],"wp:attachment":[{"href":"https:\/\/uj.adatbank.ro\/lexikon\/wp-json\/wp\/v2\/media?parent=14557"}],"wp:term":[{"taxonomy":"product_brand","embeddable":true,"href":"https:\/\/uj.adatbank.ro\/lexikon\/wp-json\/wp\/v2\/product_brand?post=14557"},{"taxonomy":"product_cat","embeddable":true,"href":"https:\/\/uj.adatbank.ro\/lexikon\/wp-json\/wp\/v2\/product_cat?post=14557"},{"taxonomy":"product_tag","embeddable":true,"href":"https:\/\/uj.adatbank.ro\/lexikon\/wp-json\/wp\/v2\/product_tag?post=14557"}],"curies":[{"name":"wp","href":"https:\/\/api.w.org\/{rel}","templated":true}]}}