{"id":14558,"date":"2025-07-15T13:05:41","date_gmt":"2025-07-15T11:05:41","guid":{"rendered":"https:\/\/uj.adatbank.ro\/lexikon\/termek\/mara-lorinc-felsoszallaspataki\/"},"modified":"2025-07-15T13:05:41","modified_gmt":"2025-07-15T11:05:41","slug":"mara-lorinc-felsoszallaspataki","status":"publish","type":"product","link":"https:\/\/uj.adatbank.ro\/lexikon\/termek\/mara-lorinc-felsoszallaspataki\/","title":{"rendered":"MARA L\u0151rinc, fels\u0151sz\u00e1ll\u00e1spataki"},"content":{"rendered":"<p>1748. m\u00e1j. 17., \u2020 Mv., 1814. dec. 14., tem. Sz\u00e9kelyf\u00f6ldv\u00e1ron dec. 18. : kir. hivatalos, kir. t\u00e1blai \u00fcln\u00f6k. \u2013 M. L\u00e1szl\u00f3, Doboka v\u00e1rmegye f\u0151bir\u00e1ja fia. 1790-ben kir. hivatalos (1790), kir. t\u00e1blai \u00fcln\u00f6k volt (1798\u2013). Feles\u00e9ge: vargyasi Daniel Kata, Danie P\u00e9ter \u00e9s losonczi B\u00e1nffy Druzsina l\u00e1nya, (\u2020\u00a01795. jan. 3, temetve Kv.-on.) (esk. Mikesz\u00e1sza, 1776). Mez\u0151m\u00e9hesen \u00e9ltek, a 6 gyermek k\u00f6z\u00fcl h\u00e1rom Mez\u0151m\u00e9hesen sz\u00fcletett (1779\u20131792). \u2013 F.m. : Dissertatio juridica ad decreti Tripartiti Part I. Titul. XVIII. Qua disquiritur cur bona servitiis adquisita sexum femineum non sequantur? (Claudiopoli, 1767)\u00a0;. Magyar gy\u00e1szk\u00f6ltem\u00e9nye van Pataki S\u00e1muel hal\u00e1l\u00e1ra (Naeniae lugubres&#8230; Claudiopoli, 1766.). <br \/><strong>Irod.:<\/strong> Kelemen Lajos 2006; P\u00e1lmay; Szinnyei<\/br><\/p>\n","protected":false},"excerpt":{"rendered":"<p>1748. m\u00e1j. 17., \u2020 Mv., 1814. dec. 14., tem. Sz\u00e9kelyf\u00f6ldv\u00e1ron dec. 18. : kir. hivatalos, kir. t\u00e1blai \u00fcln\u00f6k. \u2013 M. L\u00e1szl\u00f3, Doboka v\u00e1rmegye f\u0151bir\u00e1ja fia. 1790-ben kir. hivatalos (1790), kir. t\u00e1blai \u00fcln\u00f6k volt (1798\u2013). Feles\u00e9ge: vargyasi Daniel Kata, Danie P\u00e9ter \u00e9s losonczi B\u00e1nffy Druzsina l\u00e1nya, (\u2020\u00a01795. jan. 3, temetve Kv.-on.) (esk. Mikesz\u00e1sza, 1776). Mez\u0151m\u00e9hesen \u00e9ltek, [&hellip;]<\/p>\n","protected":false},"featured_media":0,"comment_status":"open","ping_status":"closed","template":"","meta":[],"product_brand":[],"product_cat":[137],"product_tag":[],"class_list":{"0":"post-14558","1":"product","2":"type-product","3":"status-publish","5":"product_cat-maros-megyei-eletrajzi-lexikon","7":"first","8":"instock","9":"shipping-taxable","10":"product-type-simple"},"_links":{"self":[{"href":"https:\/\/uj.adatbank.ro\/lexikon\/wp-json\/wp\/v2\/product\/14558","targetHints":{"allow":["GET"]}}],"collection":[{"href":"https:\/\/uj.adatbank.ro\/lexikon\/wp-json\/wp\/v2\/product"}],"about":[{"href":"https:\/\/uj.adatbank.ro\/lexikon\/wp-json\/wp\/v2\/types\/product"}],"replies":[{"embeddable":true,"href":"https:\/\/uj.adatbank.ro\/lexikon\/wp-json\/wp\/v2\/comments?post=14558"}],"wp:attachment":[{"href":"https:\/\/uj.adatbank.ro\/lexikon\/wp-json\/wp\/v2\/media?parent=14558"}],"wp:term":[{"taxonomy":"product_brand","embeddable":true,"href":"https:\/\/uj.adatbank.ro\/lexikon\/wp-json\/wp\/v2\/product_brand?post=14558"},{"taxonomy":"product_cat","embeddable":true,"href":"https:\/\/uj.adatbank.ro\/lexikon\/wp-json\/wp\/v2\/product_cat?post=14558"},{"taxonomy":"product_tag","embeddable":true,"href":"https:\/\/uj.adatbank.ro\/lexikon\/wp-json\/wp\/v2\/product_tag?post=14558"}],"curies":[{"name":"wp","href":"https:\/\/api.w.org\/{rel}","templated":true}]}}